{"id":2705,"date":"2022-01-31T09:30:12","date_gmt":"2022-01-31T09:30:12","guid":{"rendered":"https:\/\/fornuddenmansion.se\/?page_id=2705"},"modified":"2026-03-20T13:26:47","modified_gmt":"2026-03-20T13:26:47","slug":"private-groups","status":"publish","type":"page","link":"https:\/\/fornuddenmansion.se\/en\/private-groups\/","title":{"rendered":"Private groups"},"content":{"rendered":"\n\t<section class=\"section dark\" id=\"section_949059010\">\n\t\t<div class=\"section-bg fill\" >\n\t\t\t<img loading=\"lazy\" decoding=\"async\" width=\"580\" height=\"586\" src=\"https:\/\/fornuddenmansion.se\/wp-content\/uploads\/2022\/01\/Screenshot-2022-01-28-at-19.33.17.png\" class=\"bg attachment- size-\" alt=\"\" \/>\t\t\t\t\t\t<div class=\"section-bg-overlay absolute fill\"><\/div>\n\t\t\t\n\n\t\t<\/div>\n\n\t\t\n\n\t\t<div class=\"section-content relative\">\n\t\t\t\n<div class=\"row\"  id=\"row-688654134\">\n\n\t<div id=\"col-436021615\" class=\"col small-12 large-12\"  >\n\t\t\t\t<div class=\"col-inner text-center\"  >\n\t\t\t\n\t\t\t\n\t<div id=\"text-3103410217\" class=\"text\">\n\t\t\n<h1 style=\"font-size: 200%;\">Rent for private groups<\/h1>\n<p>Fornudden Mansion is the perfect retreat for a private weekend with friends or a week\u2019s vacation with family. You will rent the entire house, and all activities, kayaks, etc., are yours to enjoy privately during your stay.<\/p>\n\t\t\n<style>\n#text-3103410217 {\n  font-size: 0.95rem;\n  line-height: 1.55;\n}\n<\/style>\n\t<\/div>\n\t\n\t<div id=\"text-718754454\" class=\"text hidden\">\n\t\t\n<p>Concierge service and other services are, of course, available for those who prefer not to cook or mix drinks themselves at the bar.<\/p>\n\t\t\n<style>\n#text-718754454 {\n  font-size: 0.95rem;\n  line-height: 1.55;\n}\n<\/style>\n\t<\/div>\n\t\n\t\t<\/div>\n\t\t\t\t\n<style>\n#col-436021615 > .col-inner {\n  padding: 20px 0px 0px 0px;\n}\n<\/style>\n\t<\/div>\n\n\t\n<\/div>\n\t\t<\/div>\n\n\t\t\n<style>\n#section_949059010 {\n  padding-top: 40px;\n  padding-bottom: 40px;\n  background-color: rgb(40, 40, 40);\n}\n#section_949059010 .section-bg-overlay {\n  background-color: rgba(0, 0, 0, 0.61);\n}\n#section_949059010 .section-bg img {\n  object-position: 48% 50%;\n}\n<\/style>\n\t<\/section>\n\t\n\n\t<section class=\"section\" id=\"section_906975434\">\n\t\t<div class=\"section-bg fill\" >\n\t\t\t\t\t\t\t\t\t\n\t\t\t\n\n\t\t<\/div>\n\n\t\t\n\n\t\t<div class=\"section-content relative\">\n\t\t\t\n<div class=\"row\"  id=\"row-399049098\">\n\n\t<div id=\"col-282888863\" class=\"col small-12 large-12\"  >\n\t\t\t\t<div class=\"col-inner\"  >\n\t\t\t\n\t\t\t\n<div class=\"row align-equal\"  id=\"row-1515903884\">\n\n\t<div id=\"col-397950894\" class=\"col medium-6 small-12 large-6\"  >\n\t\t\t\t<div class=\"col-inner text-center\"  >\n\t\t\t\n\t\t\t\n\n\t\t<div class=\"icon-box featured-box icon-box-center text-center\"  >\n\t\t\t\t\t<div class=\"icon-box-img\" style=\"width: 60px\">\n\t\t\t\t<div class=\"icon\">\n\t\t\t\t\t<div class=\"icon-inner\" >\n\t\t\t\t\t\t<img loading=\"lazy\" decoding=\"async\" width=\"400\" height=\"400\" src=\"https:\/\/fornuddenmansion.se\/wp-content\/uploads\/2022\/01\/contact-page-for-flatsome-wordpress-theme-pointed-icon-phone-400x400.png\" class=\"attachment-medium size-medium\" alt=\"\" srcset=\"https:\/\/fornuddenmansion.se\/wp-content\/uploads\/2022\/01\/contact-page-for-flatsome-wordpress-theme-pointed-icon-phone-400x400.png 400w, https:\/\/fornuddenmansion.se\/wp-content\/uploads\/2022\/01\/contact-page-for-flatsome-wordpress-theme-pointed-icon-phone-280x280.png 280w, https:\/\/fornuddenmansion.se\/wp-content\/uploads\/2022\/01\/contact-page-for-flatsome-wordpress-theme-pointed-icon-phone-510x510.png 510w, https:\/\/fornuddenmansion.se\/wp-content\/uploads\/2022\/01\/contact-page-for-flatsome-wordpress-theme-pointed-icon-phone-100x100.png 100w, https:\/\/fornuddenmansion.se\/wp-content\/uploads\/2022\/01\/contact-page-for-flatsome-wordpress-theme-pointed-icon-phone.png 512w\" sizes=\"auto, (max-width: 400px) 100vw, 400px\" \/>\t\t\t\t\t<\/div>\n\t\t\t\t<\/div>\n\t\t\t<\/div>\n\t\t\t\t<div class=\"icon-box-text last-reset\">\n\t\t\t\t\t\t\t\t\t\n<h4>Call us<\/h4>\n<p>If you would like a viewing of the house or have any other questions, don&#8217;t hesitate to call us.<\/p>\n<p>\n\t<div id=\"gap-806385122\" class=\"gap-element clearfix\" style=\"display:block; height:auto;\">\n\t\t\n<style>\n#gap-806385122 {\n  padding-top: 20px;\n}\n<\/style>\n\t<\/div>\n\t\n<a class=\"button secondary\" >\n\t\t<span>070 887 52 32<\/span>\n\t<\/a>\n\n\t\t<\/div>\n\t<\/div>\n\t\n\t\n\t\t<\/div>\n\t\t\t\t\t<\/div>\n\n\t\n\n\t<div id=\"col-364238727\" class=\"col medium-6 small-12 large-6\"  >\n\t\t\t\t<div class=\"col-inner text-center\"  >\n\t\t\t\n\t\t\t\n\n\t\t<div class=\"icon-box featured-box icon-box-center text-center\"  >\n\t\t\t\t\t<div class=\"icon-box-img\" style=\"width: 60px\">\n\t\t\t\t<div class=\"icon\">\n\t\t\t\t\t<div class=\"icon-inner\" >\n\t\t\t\t\t\t<img loading=\"lazy\" decoding=\"async\" width=\"400\" height=\"400\" src=\"https:\/\/fornuddenmansion.se\/wp-content\/uploads\/2022\/01\/contact-page-for-flatsome-wordpress-theme-pointed-icon-chat-400x400.png\" class=\"attachment-medium size-medium\" alt=\"\" srcset=\"https:\/\/fornuddenmansion.se\/wp-content\/uploads\/2022\/01\/contact-page-for-flatsome-wordpress-theme-pointed-icon-chat-400x400.png 400w, https:\/\/fornuddenmansion.se\/wp-content\/uploads\/2022\/01\/contact-page-for-flatsome-wordpress-theme-pointed-icon-chat-280x280.png 280w, https:\/\/fornuddenmansion.se\/wp-content\/uploads\/2022\/01\/contact-page-for-flatsome-wordpress-theme-pointed-icon-chat-510x510.png 510w, https:\/\/fornuddenmansion.se\/wp-content\/uploads\/2022\/01\/contact-page-for-flatsome-wordpress-theme-pointed-icon-chat-100x100.png 100w, https:\/\/fornuddenmansion.se\/wp-content\/uploads\/2022\/01\/contact-page-for-flatsome-wordpress-theme-pointed-icon-chat.png 512w\" sizes=\"auto, (max-width: 400px) 100vw, 400px\" \/>\t\t\t\t\t<\/div>\n\t\t\t\t<\/div>\n\t\t\t<\/div>\n\t\t\t\t<div class=\"icon-box-text last-reset\">\n\t\t\t\t\t\t\t\t\t\n<h4>E-mail us<\/h4>\n<p>We will get back to you within 24 hours.<\/p>\n<p>\n\t<div id=\"gap-1384389680\" class=\"gap-element clearfix\" style=\"display:block; height:auto;\">\n\t\t\n<style>\n#gap-1384389680 {\n  padding-top: 20px;\n}\n<\/style>\n\t<\/div>\n\t\n\t\t<\/div>\n\t<\/div>\n\t\n\t\n<a href=\"mailto:bokning@fornuddenmansion.se\" class=\"button secondary lowercase\" >\n\t\t<span>bokning@fornuddenmansion.se<\/span>\n\t<\/a>\n\n\t\t<\/div>\n\t\t\t\t\t<\/div>\n\n\t\n\n\t<div id=\"col-1140961940\" class=\"col small-12 large-12\"  >\n\t\t\t\t<div class=\"col-inner text-center\" style=\"background-color:rgb(255,255,255);\" >\n\t\t\t\n\t\t\t\n<h3>Send an inquiry<\/h3>\n<p>\n<div class=\"is-divider divider clearfix\" ><\/div>\n<div class=\"row align-center\"  id=\"row-118612681\">\n\n\t<div id=\"col-1978421650\" class=\"col medium-11 small-12 large-9\"  >\n\t\t\t\t<div class=\"col-inner text-left\"  >\n\t\t\t\n\t\t\t\n\n<div class=\"pipedriveWebForms\" data-pd-webforms=\"https:\/\/webforms.pipedrive.com\/f\/6UUxI7TZceIiGEWjFk75fhqsYtqdxNvoKGdkca4JeeePSx0QgnuBEQtqjrK6i4JfJV\"><script src=\"https:\/\/webforms.pipedrive.com\/f\/loader\"><\/script><\/div>\n\n\t\t<\/div>\n\t\t\t\t\t<\/div>\n\n\t\n<\/div>\n\t\t<\/div>\n\t\t\t\t\t<\/div>\n\n\t\n\n<style>\n#row-1515903884 > .col > .col-inner {\n  padding: 40px 40px 40px 40px;\n  background-color: rgb(255,255,255);\n}\n<\/style>\n<\/div>\n\t\t<\/div>\n\t\t\t\t\n<style>\n#col-282888863 > .col-inner {\n  margin: -100px 0px 0px 0px;\n}\n<\/style>\n\t<\/div>\n\n\t\n<\/div>\n\t\t<\/div>\n\n\t\t\n<style>\n#section_906975434 {\n  padding-top: 30px;\n  padding-bottom: 30px;\n  background-color: rgb(244, 244, 244);\n}\n<\/style>\n\t<\/section>\n\t\n\n\t<section class=\"section\" id=\"section_32233445\">\n\t\t<div class=\"section-bg fill\" >\n\t\t\t\t\t\t\t\t\t\n\t\t\t\n\n\t\t<\/div>\n\n\t\t\n\n\t\t<div class=\"section-content relative\">\n\t\t\t\n\n<div class=\"row row-collapse\"  id=\"row-1123109697\">\n\n\n\t<div id=\"col-309670122\" class=\"col small-12 large-12\"  >\n\t\t\t\t<div class=\"col-inner text-center\"  >\n\t\t\t\n\t\t\t\n\n<h4>What our visitors say...<\/h4>\n\n<div class=\"is-divider divider clearfix\" style=\"max-width:50px;background-color:rgb(46, 54, 255);\"><\/div>\n\n\n\t\t<\/div>\n\t\t\t\t\n<style>\n#col-309670122 > .col-inner {\n  margin: 0px 0px -30px 0px;\n}\n<\/style>\n\t<\/div>\n\n\t\n\n<\/div>\n<div class=\"slider-wrapper relative\" id=\"slider-1658760008\" >\n    <div class=\"slider slider-nav-simple slider-nav-large slider-nav-dark slider-nav-outside slider-style-focus\"\n        data-flickity-options='{\n            \"cellAlign\": \"center\",\n            \"imagesLoaded\": true,\n            \"lazyLoad\": 1,\n            \"freeScroll\": false,\n            \"wrapAround\": true,\n            \"autoPlay\": 4000,\n            \"pauseAutoPlayOnHover\" : true,\n            \"prevNextButtons\": false,\n            \"contain\" : true,\n            \"adaptiveHeight\" : true,\n            \"dragThreshold\" : 10,\n            \"percentPosition\": true,\n            \"pageDots\": true,\n            \"rightToLeft\": false,\n            \"draggable\": true,\n            \"selectedAttraction\": 0.1,\n            \"parallax\" : 0,\n            \"friction\": 0.6        }'\n        >\n        \n\n<div class=\"row align-center\"  id=\"row-1156955255\">\n\n\n\t<div id=\"col-992660807\" class=\"col medium-10 small-12 large-9\"  >\n\t\t\t\t<div class=\"col-inner text-center\"  >\n\t\t\t\n\t\t\t\n\n<p class=\"p1\">My family and I had an amazing weekend in the house. Perfect house for those who want to gather the family for a weekend and enjoy the wonderful features of the house.<\/p>\n<p class=\"p1\">\u00a0<\/p>\n\n\t\t<div class=\"icon-box featured-box circle icon-box-center text-center is-small\"  >\n\t\t\t\t<div class=\"icon-box-text last-reset\">\n\t\t\t<h5 class=\"uppercase\">Sanna<\/h5>\t\t\t\t\t\t\n\n<p>\u00a0<\/p>\n\n\t\t<\/div>\n\t<\/div>\n\t\n\t\n\n\t\t<\/div>\n\t\t\t\t\t<\/div>\n\n\t\n\n<\/div>\n<div class=\"row align-center\"  id=\"row-738556906\">\n\n\n\t<div id=\"col-2117985305\" class=\"col medium-10 small-12 large-9\"  >\n\t\t\t\t<div class=\"col-inner text-center\"  >\n\t\t\t\n\t\t\t\n\n<p>The place is awesome! very well-equipped and beautiful. A great dining for a large group of people for a celebration. The spa was spectacular, specially in winter time with a little bit snow. The view of the house is really good. We enjoyed the time we spent there and will happily return again.<\/p>\n\n\t\t<div class=\"icon-box featured-box circle icon-box-center text-center is-small\"  >\n\t\t\t\t<div class=\"icon-box-text last-reset\">\n\t\t\t<h5 class=\"uppercase\">Brian<\/h5>\t\t\t\t\t\t\n\n<p>\u00a0<\/p>\n\n\t\t<\/div>\n\t<\/div>\n\t\n\t\n\n\t\t<\/div>\n\t\t\t\t\t<\/div>\n\n\t\n\n<\/div>\n<div class=\"row align-center\"  id=\"row-650808852\">\n\n\n\t<div id=\"col-1993371820\" class=\"col medium-10 small-12 large-9\"  >\n\t\t\t\t<div class=\"col-inner text-center\"  >\n\t\t\t\n\t\t\t\n\n<p>The house itself is stunning! Catered so well for a large group. We had the best time, would recommend to anyone wanting to visit Stockholm!<\/p>\n\n\t\t<div class=\"icon-box featured-box circle icon-box-center text-center is-small\"  >\n\t\t\t\t<div class=\"icon-box-text last-reset\">\n\t\t\t<h5 class=\"uppercase\">McKenzie<\/h5>\t\t\t\t\t\t\n\n<p>\u00a0<\/p>\n\n\t\t<\/div>\n\t<\/div>\n\t\n\t\n\n\t\t<\/div>\n\t\t\t\t\t<\/div>\n\n\t\n\n<\/div>\n\n     <\/div>\n\n     <div class=\"loading-spin dark large centered\"><\/div>\n\n\t<\/div>\n\n\n\n\t\t<\/div>\n\n\t\t\n<style>\n#section_32233445 {\n  padding-top: 60px;\n  padding-bottom: 60px;\n}\n<\/style>\n\t<\/section>\n\t\n","protected":false},"excerpt":{"rendered":"","protected":false},"author":8,"featured_media":0,"parent":0,"menu_order":0,"comment_status":"closed","ping_status":"closed","template":"page-blank.php","meta":{"inline_featured_image":false,"footnotes":""},"class_list":["post-2705","page","type-page","status-publish","hentry"],"yoast_head":"<!-- This site is optimized with the Yoast SEO plugin v27.5 - https:\/\/yoast.com\/product\/yoast-seo-wordpress\/ -->\n<title>Private groups - Fornudden Mansion<\/title>\n<meta name=\"robots\" content=\"index, follow, max-snippet:-1, max-image-preview:large, max-video-preview:-1\" \/>\n<link rel=\"canonical\" href=\"https:\/\/fornuddenmansion.se\/en\/private-groups\/\" \/>\n<meta property=\"og:locale\" content=\"en_US\" \/>\n<meta property=\"og:type\" content=\"article\" \/>\n<meta property=\"og:title\" content=\"Private groups - Fornudden Mansion\" \/>\n<meta property=\"og:url\" content=\"https:\/\/fornuddenmansion.se\/en\/private-groups\/\" \/>\n<meta property=\"og:site_name\" content=\"Fornudden Mansion\" \/>\n<meta property=\"article:modified_time\" content=\"2026-03-20T13:26:47+00:00\" \/>\n<meta name=\"twitter:card\" content=\"summary_large_image\" \/>\n<meta name=\"twitter:label1\" content=\"Est. reading time\" \/>\n\t<meta name=\"twitter:data1\" content=\"2 minutes\" \/>\n<script type=\"application\/ld+json\" class=\"yoast-schema-graph\">{\"@context\":\"https:\\\/\\\/schema.org\",\"@graph\":[{\"@type\":\"WebPage\",\"@id\":\"https:\\\/\\\/fornuddenmansion.se\\\/en\\\/private-groups\\\/\",\"url\":\"https:\\\/\\\/fornuddenmansion.se\\\/en\\\/private-groups\\\/\",\"name\":\"Private groups - Fornudden Mansion\",\"isPartOf\":{\"@id\":\"https:\\\/\\\/fornuddenmansion.se\\\/en\\\/#website\"},\"datePublished\":\"2022-01-31T09:30:12+00:00\",\"dateModified\":\"2026-03-20T13:26:47+00:00\",\"breadcrumb\":{\"@id\":\"https:\\\/\\\/fornuddenmansion.se\\\/en\\\/private-groups\\\/#breadcrumb\"},\"inLanguage\":\"en-US\",\"potentialAction\":[{\"@type\":\"ReadAction\",\"target\":[\"https:\\\/\\\/fornuddenmansion.se\\\/en\\\/private-groups\\\/\"]}]},{\"@type\":\"BreadcrumbList\",\"@id\":\"https:\\\/\\\/fornuddenmansion.se\\\/en\\\/private-groups\\\/#breadcrumb\",\"itemListElement\":[{\"@type\":\"ListItem\",\"position\":1,\"name\":\"Home\",\"item\":\"https:\\\/\\\/fornuddenmansion.se\\\/en\\\/\"},{\"@type\":\"ListItem\",\"position\":2,\"name\":\"Private groups\"}]},{\"@type\":\"WebSite\",\"@id\":\"https:\\\/\\\/fornuddenmansion.se\\\/en\\\/#website\",\"url\":\"https:\\\/\\\/fornuddenmansion.se\\\/en\\\/\",\"name\":\"Fornudden Mansion\",\"description\":\"Konferensanl\u00e4ggningen d\u00e4r du stiger rakt in i 60-talet! Ni hyr hela huset f\u00f6r er sj\u00e4lva som ligger bara 20 min fr\u00e5n Stockholm city.\",\"publisher\":{\"@id\":\"https:\\\/\\\/fornuddenmansion.se\\\/en\\\/#organization\"},\"potentialAction\":[{\"@type\":\"SearchAction\",\"target\":{\"@type\":\"EntryPoint\",\"urlTemplate\":\"https:\\\/\\\/fornuddenmansion.se\\\/en\\\/?s={search_term_string}\"},\"query-input\":{\"@type\":\"PropertyValueSpecification\",\"valueRequired\":true,\"valueName\":\"search_term_string\"}}],\"inLanguage\":\"en-US\"},{\"@type\":\"Organization\",\"@id\":\"https:\\\/\\\/fornuddenmansion.se\\\/en\\\/#organization\",\"name\":\"Fornudden Mansion\",\"url\":\"https:\\\/\\\/fornuddenmansion.se\\\/en\\\/\",\"logo\":{\"@type\":\"ImageObject\",\"inLanguage\":\"en-US\",\"@id\":\"https:\\\/\\\/fornuddenmansion.se\\\/en\\\/#\\\/schema\\\/logo\\\/image\\\/\",\"url\":\"https:\\\/\\\/fornuddenmansion.se\\\/wp-content\\\/uploads\\\/2022\\\/01\\\/Fornudden-Mansion-svg.svg\",\"contentUrl\":\"https:\\\/\\\/fornuddenmansion.se\\\/wp-content\\\/uploads\\\/2022\\\/01\\\/Fornudden-Mansion-svg.svg\",\"width\":477,\"height\":209,\"caption\":\"Fornudden Mansion\"},\"image\":{\"@id\":\"https:\\\/\\\/fornuddenmansion.se\\\/en\\\/#\\\/schema\\\/logo\\\/image\\\/\"},\"sameAs\":[\"https:\\\/\\\/www.instagram.com\\\/fornuddenmansion\\\/\",\"https:\\\/\\\/www.linkedin.com\\\/company\\\/fornudden-mansion\\\/\"]}]}<\/script>\n<!-- \/ Yoast SEO plugin. -->","yoast_head_json":{"title":"Private groups - Fornudden Mansion","robots":{"index":"index","follow":"follow","max-snippet":"max-snippet:-1","max-image-preview":"max-image-preview:large","max-video-preview":"max-video-preview:-1"},"canonical":"https:\/\/fornuddenmansion.se\/en\/private-groups\/","og_locale":"en_US","og_type":"article","og_title":"Private groups - Fornudden Mansion","og_url":"https:\/\/fornuddenmansion.se\/en\/private-groups\/","og_site_name":"Fornudden Mansion","article_modified_time":"2026-03-20T13:26:47+00:00","twitter_card":"summary_large_image","twitter_misc":{"Est. reading time":"2 minutes"},"schema":{"@context":"https:\/\/schema.org","@graph":[{"@type":"WebPage","@id":"https:\/\/fornuddenmansion.se\/en\/private-groups\/","url":"https:\/\/fornuddenmansion.se\/en\/private-groups\/","name":"Private groups - Fornudden Mansion","isPartOf":{"@id":"https:\/\/fornuddenmansion.se\/en\/#website"},"datePublished":"2022-01-31T09:30:12+00:00","dateModified":"2026-03-20T13:26:47+00:00","breadcrumb":{"@id":"https:\/\/fornuddenmansion.se\/en\/private-groups\/#breadcrumb"},"inLanguage":"en-US","potentialAction":[{"@type":"ReadAction","target":["https:\/\/fornuddenmansion.se\/en\/private-groups\/"]}]},{"@type":"BreadcrumbList","@id":"https:\/\/fornuddenmansion.se\/en\/private-groups\/#breadcrumb","itemListElement":[{"@type":"ListItem","position":1,"name":"Home","item":"https:\/\/fornuddenmansion.se\/en\/"},{"@type":"ListItem","position":2,"name":"Private groups"}]},{"@type":"WebSite","@id":"https:\/\/fornuddenmansion.se\/en\/#website","url":"https:\/\/fornuddenmansion.se\/en\/","name":"Fornudden Mansion","description":"Konferensanl\u00e4ggningen d\u00e4r du stiger rakt in i 60-talet! Ni hyr hela huset f\u00f6r er sj\u00e4lva som ligger bara 20 min fr\u00e5n Stockholm city.","publisher":{"@id":"https:\/\/fornuddenmansion.se\/en\/#organization"},"potentialAction":[{"@type":"SearchAction","target":{"@type":"EntryPoint","urlTemplate":"https:\/\/fornuddenmansion.se\/en\/?s={search_term_string}"},"query-input":{"@type":"PropertyValueSpecification","valueRequired":true,"valueName":"search_term_string"}}],"inLanguage":"en-US"},{"@type":"Organization","@id":"https:\/\/fornuddenmansion.se\/en\/#organization","name":"Fornudden Mansion","url":"https:\/\/fornuddenmansion.se\/en\/","logo":{"@type":"ImageObject","inLanguage":"en-US","@id":"https:\/\/fornuddenmansion.se\/en\/#\/schema\/logo\/image\/","url":"https:\/\/fornuddenmansion.se\/wp-content\/uploads\/2022\/01\/Fornudden-Mansion-svg.svg","contentUrl":"https:\/\/fornuddenmansion.se\/wp-content\/uploads\/2022\/01\/Fornudden-Mansion-svg.svg","width":477,"height":209,"caption":"Fornudden Mansion"},"image":{"@id":"https:\/\/fornuddenmansion.se\/en\/#\/schema\/logo\/image\/"},"sameAs":["https:\/\/www.instagram.com\/fornuddenmansion\/","https:\/\/www.linkedin.com\/company\/fornudden-mansion\/"]}]}},"_links":{"self":[{"href":"https:\/\/fornuddenmansion.se\/en\/wp-json\/wp\/v2\/pages\/2705","targetHints":{"allow":["GET"]}}],"collection":[{"href":"https:\/\/fornuddenmansion.se\/en\/wp-json\/wp\/v2\/pages"}],"about":[{"href":"https:\/\/fornuddenmansion.se\/en\/wp-json\/wp\/v2\/types\/page"}],"author":[{"embeddable":true,"href":"https:\/\/fornuddenmansion.se\/en\/wp-json\/wp\/v2\/users\/8"}],"replies":[{"embeddable":true,"href":"https:\/\/fornuddenmansion.se\/en\/wp-json\/wp\/v2\/comments?post=2705"}],"version-history":[{"count":22,"href":"https:\/\/fornuddenmansion.se\/en\/wp-json\/wp\/v2\/pages\/2705\/revisions"}],"predecessor-version":[{"id":3694,"href":"https:\/\/fornuddenmansion.se\/en\/wp-json\/wp\/v2\/pages\/2705\/revisions\/3694"}],"wp:attachment":[{"href":"https:\/\/fornuddenmansion.se\/en\/wp-json\/wp\/v2\/media?parent=2705"}],"curies":[{"name":"wp","href":"https:\/\/api.w.org\/{rel}","templated":true}]}}