{"id":2696,"date":"2022-01-28T12:54:32","date_gmt":"2022-01-28T12:54:32","guid":{"rendered":"https:\/\/fornuddenmansion.se\/?page_id=2696"},"modified":"2026-03-20T14:05:07","modified_gmt":"2026-03-20T14:05:07","slug":"monica-zs-view","status":"publish","type":"page","link":"https:\/\/fornuddenmansion.se\/en\/monica-zs-view\/","title":{"rendered":"Monica Z&#8217;s View"},"content":{"rendered":"\n\t<section class=\"section dark\" id=\"section_854598222\">\n\t\t<div class=\"section-bg fill\" >\n\t\t\t<img loading=\"lazy\" decoding=\"async\" width=\"2560\" height=\"1709\" src=\"https:\/\/fornuddenmansion.se\/wp-content\/uploads\/2022\/09\/DSC_1841-scaled.jpg\" class=\"bg attachment- size-\" alt=\"\" \/>\t\t\t\t\t\t<div class=\"section-bg-overlay absolute fill\"><\/div>\n\t\t\t\n\n\t\t<\/div>\n\n\t\t\n\n\t\t<div class=\"section-content relative\">\n\t\t\t\n<div class=\"row\"  id=\"row-416556201\">\n\n\t<div id=\"col-84925296\" class=\"col medium-7 small-9 large-5\"  >\n\t\t\t\t<div class=\"col-inner\"  >\n\t\t\t\n\t\t\t\n<h1 class=\"uppercase\"><span style=\"font-size: 250%;\">Monica Z&#8217;s View<\/span><\/h1>\n\t\t<\/div>\n\t\t\t\t\t<\/div>\n\n\t\n<\/div>\n<a href=\"https:\/\/fornuddenmansion.se\/en\/book\/\" class=\"button white is-outline\" >\n\t\t<span>GET IN TOUCH!<\/span>\n\t<\/a>\n\n\t\t<\/div>\n\n\t\t\n<style>\n#section_854598222 {\n  padding-top: 100px;\n  padding-bottom: 100px;\n  background-color: rgb(0,0,0);\n}\n#section_854598222 .section-bg-overlay {\n  background-color: rgba(0, 0, 0, 0.314);\n}\n@media (min-width:550px) {\n  #section_854598222 {\n    padding-top: 140px;\n    padding-bottom: 140px;\n  }\n}\n@media (min-width:850px) {\n  #section_854598222 {\n    padding-top: 99px;\n    padding-bottom: 99px;\n  }\n}\n<\/style>\n\t<\/section>\n\t\n\n\t<section class=\"section\" id=\"section_1114172430\">\n\t\t<div class=\"section-bg fill\" >\n\t\t\t\t\t\t\t\t\t\n\t\t\t\n\n\t\t<\/div>\n\n\t\t\n\n\t\t<div class=\"section-content relative\">\n\t\t\t\n<div class=\"row row-collapse row-full-width align-middle\"  id=\"row-1383673159\">\n\n\t<div id=\"col-2095059722\" class=\"col medium-12 small-12 large-6\"  >\n\t\t\t\t<div class=\"col-inner\"  >\n\t\t\t\n\t\t\t\n<div class=\"row\"  id=\"row-1870842147\">\n\n\t<div id=\"col-1334054874\" class=\"col small-12 large-12\"  >\n\t\t\t\t<div class=\"col-inner\"  >\n\t\t\t\n\t\t\t\n<div class=\"is-divider divider clearfix\" style=\"margin-top:10px;margin-bottom:10px;background-color:rgb(132, 60, 21);\"><\/div>\n<h6>Monica Z&#8217;s View<\/h6>\n<h2>MONICA VIEW<\/h2>\n<p><strong>Monica Zetterlund was Sweden&#8217;s iconic star during the 1960s.<\/strong><\/p>\n<p>Her portrait graces our largest wall, offering a breathtaking view of the water. In this grand room, you can host up to thirty people while enjoying inspiring meetings or delightful dinners with the sunset over the lake. Monika Z&#8217;s View also features several smaller seating areas with stunning 60s design furniture, where you can relax and appreciate the scenery. As if that weren\u2019t enough, the room also boasts a fireplace, a piano, and a 180\u201d screen with a ceiling-mounted projector, perfect for a full home theater experience, complete with an XBOX and Playstation!<\/p>\n<a class=\"button primary is-link hidden\" >\n\t\t<span>Call us: 070 887 52 32<\/span>\n\t<\/a>\n\n\t\t<\/div>\n\t\t\t\t\t<\/div>\n\n\t\n\n<style>\n#row-1870842147 > .col > .col-inner {\n  padding: 5% 5% 5% 5%;\n}\n@media (min-width:550px) {\n  #row-1870842147 > .col > .col-inner {\n    padding: 10% 10% 10% 10%;\n  }\n}\n@media (min-width:850px) {\n  #row-1870842147 > .col > .col-inner {\n    padding: 15% 15% 15% 15%;\n  }\n}\n<\/style>\n<\/div>\n\t\t<\/div>\n\t\t\t\t\t<\/div>\n\n\t\n\n\t<div id=\"col-2722342\" class=\"col medium-12 small-12 large-6\"  >\n\t\t\t\t<div class=\"col-inner\"  >\n\t\t\t\n\t\t\t\n\n  <div class=\"banner has-hover\" id=\"banner-373125070\">\n          <div class=\"banner-inner fill\">\n        <div class=\"banner-bg fill\" >\n            <img loading=\"lazy\" decoding=\"async\" width=\"1020\" height=\"681\" src=\"https:\/\/fornuddenmansion.se\/wp-content\/uploads\/2022\/09\/DSC_1892-1198x800.jpg\" class=\"bg attachment-large size-large\" alt=\"\" \/>                                    \n                    <\/div>\n\t\t\n        <div class=\"banner-layers container\">\n            <div class=\"fill banner-link\"><\/div>            \n   <div id=\"text-box-830483920\" class=\"text-box banner-layer x50 md-x50 lg-x50 y50 md-y50 lg-y50 res-text\">\n                                <div class=\"text-box-content text dark\">\n              \n              <div class=\"text-inner text-center\">\n                  \n              <\/div>\n           <\/div>\n                            \n<style>\n#text-box-830483920 {\n  width: 60%;\n}\n#text-box-830483920 .text-box-content {\n  font-size: 100%;\n}\n@media (min-width:550px) {\n  #text-box-830483920 {\n    width: 60%;\n  }\n}\n<\/style>\n    <\/div>\n \n        <\/div>\n      <\/div>\n\n            \n<style>\n#banner-373125070 {\n  padding-top: 50%;\n}\n@media (min-width:850px) {\n  #banner-373125070 {\n    padding-top: 99.99%;\n  }\n}\n<\/style>\n  <\/div>\n\n\n\t\t<\/div>\n\t\t\t\t\t<\/div>\n\n\t\n<\/div>\n\t\t<\/div>\n\n\t\t\n<style>\n#section_1114172430 {\n  padding-top: 0px;\n  padding-bottom: 0px;\n}\n<\/style>\n\t<\/section>\n\t\n\n\t<section class=\"section\" id=\"section_1843274404\">\n\t\t<div class=\"section-bg fill\" >\n\t\t\t\t\t\t\t\t\t\n\t\t\t\n\n\t\t<\/div>\n\n\t\t\n\n\t\t<div class=\"section-content relative\">\n\t\t\t\n<div class=\"row align-middle\"  id=\"row-1240692242\">\n\n\t<div id=\"col-277676508\" class=\"col medium-4 small-12 large-4\"  >\n\t\t\t\t<div class=\"col-inner\"  >\n\t\t\t\n\t\t\t\n\n  <div class=\"banner has-hover\" id=\"banner-1113095906\">\n          <div class=\"banner-inner fill\">\n        <div class=\"banner-bg fill\" >\n            <img loading=\"lazy\" decoding=\"async\" width=\"1020\" height=\"681\" src=\"https:\/\/fornuddenmansion.se\/wp-content\/uploads\/2022\/09\/DSC_1909-1198x800.jpg\" class=\"bg attachment-large size-large\" alt=\"\" \/>                                    \n                    <\/div>\n\t\t\n        <div class=\"banner-layers container\">\n            <div class=\"fill banner-link\"><\/div>            \n   <div id=\"text-box-846651662\" class=\"text-box banner-layer x50 md-x50 lg-x50 y50 md-y50 lg-y50 res-text\">\n                                <div class=\"text-box-content text dark\">\n              \n              <div class=\"text-inner text-center\">\n                  \n              <\/div>\n           <\/div>\n                            \n<style>\n#text-box-846651662 {\n  width: 60%;\n}\n#text-box-846651662 .text-box-content {\n  font-size: 100%;\n}\n@media (min-width:550px) {\n  #text-box-846651662 {\n    width: 60%;\n  }\n}\n<\/style>\n    <\/div>\n \n        <\/div>\n      <\/div>\n\n            \n<style>\n#banner-1113095906 {\n  padding-top: 250px;\n  background-color: rgb(247, 245, 244);\n}\n@media (min-width:550px) {\n  #banner-1113095906 {\n    padding-top: 99.99%;\n  }\n}\n<\/style>\n  <\/div>\n\n\n\t\t<\/div>\n\t\t\t\t\t<\/div>\n\n\t\n\n\t<div id=\"col-1936139749\" class=\"col medium-4 small-12 large-4\"  >\n\t\t\t\t<div class=\"col-inner\"  >\n\t\t\t\n\t\t\t\n\n  <div class=\"banner has-hover has-parallax\" id=\"banner-1692579028\">\n          <div class=\"banner-inner fill\">\n        <div class=\"banner-bg fill\" data-parallax=\"-6\" data-parallax-container=\".banner\" data-parallax-background>\n            <img loading=\"lazy\" decoding=\"async\" width=\"1020\" height=\"694\" src=\"https:\/\/fornuddenmansion.se\/wp-content\/uploads\/2022\/09\/DSC_1743-1176x800.jpg\" class=\"bg attachment-large size-large\" alt=\"\" \/>                        <div class=\"overlay\"><\/div>            \n                    <\/div>\n\t\t\n        <div class=\"banner-layers container\">\n            <div class=\"fill banner-link\"><\/div>            \n   <div id=\"text-box-1890193957\" class=\"text-box banner-layer x50 md-x50 lg-x50 y50 md-y50 lg-y50 res-text\">\n                                <div class=\"text-box-content text dark\">\n              \n              <div class=\"text-inner text-center\">\n                  \n<h2 style=\"font-size: 250%;\">\n Experience the view<br \/>\nfrom every angle<\/h2>\n              <\/div>\n           <\/div>\n                            \n<style>\n#text-box-1890193957 {\n  width: 60%;\n}\n#text-box-1890193957 .text-box-content {\n  font-size: 100%;\n}\n@media (min-width:550px) {\n  #text-box-1890193957 {\n    width: 60%;\n  }\n}\n<\/style>\n    <\/div>\n \n        <\/div>\n      <\/div>\n\n            \n<style>\n#banner-1692579028 {\n  padding-top: 400px;\n  background-color: rgb(247, 245, 244);\n}\n#banner-1692579028 .overlay {\n  background-color: rgba(15, 8, 8, 0.378);\n}\n@media (min-width:850px) {\n  #banner-1692579028 {\n    padding-top: 500px;\n  }\n}\n<\/style>\n  <\/div>\n\n\n\t\t<\/div>\n\t\t\t\t\t<\/div>\n\n\t\n\n\t<div id=\"col-455906611\" class=\"col medium-4 small-12 large-4\"  >\n\t\t\t\t<div class=\"col-inner\"  >\n\t\t\t\n\t\t\t\n\n  <div class=\"banner has-hover\" id=\"banner-1628577760\">\n          <div class=\"banner-inner fill\">\n        <div class=\"banner-bg fill\" >\n            <img loading=\"lazy\" decoding=\"async\" width=\"1020\" height=\"681\" src=\"https:\/\/fornuddenmansion.se\/wp-content\/uploads\/2022\/09\/DSC_1747-kopia-1198x800.jpg\" class=\"bg attachment-large size-large\" alt=\"\" \/>                                    \n                    <\/div>\n\t\t\n        <div class=\"banner-layers container\">\n            <div class=\"fill banner-link\"><\/div>            \n   <div id=\"text-box-2034825065\" class=\"text-box banner-layer x50 md-x50 lg-x50 y50 md-y50 lg-y50 res-text\">\n                                <div class=\"text-box-content text dark\">\n              \n              <div class=\"text-inner text-center\">\n                  \n              <\/div>\n           <\/div>\n                            \n<style>\n#text-box-2034825065 {\n  width: 60%;\n}\n#text-box-2034825065 .text-box-content {\n  font-size: 100%;\n}\n@media (min-width:550px) {\n  #text-box-2034825065 {\n    width: 60%;\n  }\n}\n<\/style>\n    <\/div>\n \n        <\/div>\n      <\/div>\n\n            \n<style>\n#banner-1628577760 {\n  padding-top: 250px;\n  background-color: rgb(247, 245, 244);\n}\n@media (min-width:550px) {\n  #banner-1628577760 {\n    padding-top: 99.99%;\n  }\n}\n<\/style>\n  <\/div>\n\n\n\t\t<\/div>\n\t\t\t\t\t<\/div>\n\n\t\n<\/div>\n\t\t<\/div>\n\n\t\t\n<style>\n#section_1843274404 {\n  padding-top: 30px;\n  padding-bottom: 30px;\n}\n<\/style>\n\t<\/section>\n\t\n\t<div id=\"gap-1590599905\" class=\"gap-element clearfix\" style=\"display:block; height:auto;\">\n\t\t\n<style>\n#gap-1590599905 {\n  padding-top: 10px;\n}\n@media (min-width:550px) {\n  #gap-1590599905 {\n    padding-top: 50px;\n  }\n}\n@media (min-width:850px) {\n  #gap-1590599905 {\n    padding-top: 0px;\n  }\n}\n<\/style>\n\t<\/div>\n\t\n\n\t<section class=\"section dark\" id=\"section_301948600\">\n\t\t<div class=\"section-bg fill\" >\n\t\t\t<img loading=\"lazy\" decoding=\"async\" width=\"2000\" height=\"1335\" src=\"https:\/\/fornuddenmansion.se\/wp-content\/uploads\/2022\/03\/Z-view.png\" class=\"bg attachment- size-\" alt=\"\" \/>\t\t\t\t\t\t<div class=\"section-bg-overlay absolute fill\"><\/div>\n\t\t\t\n\n\t\t<\/div>\n\n\t\t\n\n\t\t<div class=\"section-content relative\">\n\t\t\t\n<div class=\"row\"  id=\"row-2053420347\">\n\n\t<div id=\"col-686493940\" class=\"col small-12 large-12\"  >\n\t\t\t\t<div class=\"col-inner\"  >\n\t\t\t\n\t\t\t\n\t<div id=\"gap-100787954\" class=\"gap-element clearfix\" style=\"display:block; height:auto;\">\n\t\t\n<style>\n#gap-100787954 {\n  padding-top: 60px;\n}\n<\/style>\n\t<\/div>\n\t\n\t<div id=\"text-3987668102\" class=\"text\">\n\t\t\n<h2>&#8220;A lingonberry twig in a cocktail glass\u201d <br \/>is a line from a poem written by Tage Danielsson to Monica Zetterlund.<\/h2>\n\t\t\n<style>\n#text-3987668102 {\n  font-size: 1.5rem;\n  text-align: center;\n}\n@media (min-width:850px) {\n  #text-3987668102 {\n    font-size: 2rem;\n  }\n}\n<\/style>\n\t<\/div>\n\t\n\t<div id=\"text-4293342142\" class=\"text\">\n\t\t\n<h6>\u2013 \u2013 Monica Zetterlund<\/h6>\n\t\t\n<style>\n#text-4293342142 {\n  font-size: 1.25rem;\n  text-align: center;\n}\n<\/style>\n\t<\/div>\n\t\n\t\t<\/div>\n\t\t\t\t\t<\/div>\n\n\t\n<\/div>\n\t\t<\/div>\n\n\t\t\n<style>\n#section_301948600 {\n  padding-top: 30px;\n  padding-bottom: 30px;\n  min-height: 500px;\n}\n#section_301948600 .section-bg-overlay {\n  background-color: rgba(0, 0, 0, 0.46);\n}\n#section_301948600 .section-bg img {\n  object-position: 82% 66%;\n}\n<\/style>\n\t<\/section>\n\t\n<span class=\"scroll-to\" data-label=\"Scroll to: #experiences\" data-bullet=\"false\" data-link=\"#experiences\" data-title=\"experiences\"><a name=\"experiences\"><\/a><\/span>\n<span class=\"scroll-to\" data-label=\"Scroll to: #introduction\" data-bullet=\"false\" data-link=\"#introduction\" data-title=\"introduction\"><a name=\"introduction\"><\/a><\/span>\n\n","protected":false},"excerpt":{"rendered":"","protected":false},"author":8,"featured_media":0,"parent":0,"menu_order":0,"comment_status":"closed","ping_status":"closed","template":"","meta":{"inline_featured_image":false,"footnotes":""},"class_list":["post-2696","page","type-page","status-publish","hentry"],"yoast_head":"<!-- This site is optimized with the Yoast SEO plugin v27.4 - https:\/\/yoast.com\/product\/yoast-seo-wordpress\/ -->\n<title>Monica Z&#039;s View - Fornudden Mansion<\/title>\n<meta name=\"robots\" content=\"index, follow, max-snippet:-1, max-image-preview:large, max-video-preview:-1\" \/>\n<link rel=\"canonical\" href=\"https:\/\/fornuddenmansion.se\/en\/monica-zs-view\/\" \/>\n<meta property=\"og:locale\" content=\"en_US\" \/>\n<meta property=\"og:type\" content=\"article\" \/>\n<meta property=\"og:title\" content=\"Monica Z&#039;s View - Fornudden Mansion\" \/>\n<meta property=\"og:url\" content=\"https:\/\/fornuddenmansion.se\/en\/monica-zs-view\/\" \/>\n<meta property=\"og:site_name\" content=\"Fornudden Mansion\" \/>\n<meta property=\"article:modified_time\" content=\"2026-03-20T14:05:07+00:00\" \/>\n<meta name=\"twitter:card\" content=\"summary_large_image\" \/>\n<meta name=\"twitter:label1\" content=\"Est. reading time\" \/>\n\t<meta name=\"twitter:data1\" content=\"2 minutes\" \/>\n<script type=\"application\/ld+json\" class=\"yoast-schema-graph\">{\"@context\":\"https:\\\/\\\/schema.org\",\"@graph\":[{\"@type\":\"WebPage\",\"@id\":\"https:\\\/\\\/fornuddenmansion.se\\\/en\\\/monica-zs-view\\\/\",\"url\":\"https:\\\/\\\/fornuddenmansion.se\\\/en\\\/monica-zs-view\\\/\",\"name\":\"Monica Z's View - Fornudden Mansion\",\"isPartOf\":{\"@id\":\"https:\\\/\\\/fornuddenmansion.se\\\/en\\\/#website\"},\"datePublished\":\"2022-01-28T12:54:32+00:00\",\"dateModified\":\"2026-03-20T14:05:07+00:00\",\"breadcrumb\":{\"@id\":\"https:\\\/\\\/fornuddenmansion.se\\\/en\\\/monica-zs-view\\\/#breadcrumb\"},\"inLanguage\":\"en-US\",\"potentialAction\":[{\"@type\":\"ReadAction\",\"target\":[\"https:\\\/\\\/fornuddenmansion.se\\\/en\\\/monica-zs-view\\\/\"]}]},{\"@type\":\"BreadcrumbList\",\"@id\":\"https:\\\/\\\/fornuddenmansion.se\\\/en\\\/monica-zs-view\\\/#breadcrumb\",\"itemListElement\":[{\"@type\":\"ListItem\",\"position\":1,\"name\":\"Home\",\"item\":\"https:\\\/\\\/fornuddenmansion.se\\\/en\\\/\"},{\"@type\":\"ListItem\",\"position\":2,\"name\":\"Monica Z&#8217;s View\"}]},{\"@type\":\"WebSite\",\"@id\":\"https:\\\/\\\/fornuddenmansion.se\\\/en\\\/#website\",\"url\":\"https:\\\/\\\/fornuddenmansion.se\\\/en\\\/\",\"name\":\"Fornudden Mansion\",\"description\":\"Konferensanl\u00e4ggningen d\u00e4r du stiger rakt in i 60-talet! Ni hyr hela huset f\u00f6r er sj\u00e4lva som ligger bara 20 min fr\u00e5n Stockholm city.\",\"publisher\":{\"@id\":\"https:\\\/\\\/fornuddenmansion.se\\\/en\\\/#organization\"},\"potentialAction\":[{\"@type\":\"SearchAction\",\"target\":{\"@type\":\"EntryPoint\",\"urlTemplate\":\"https:\\\/\\\/fornuddenmansion.se\\\/en\\\/?s={search_term_string}\"},\"query-input\":{\"@type\":\"PropertyValueSpecification\",\"valueRequired\":true,\"valueName\":\"search_term_string\"}}],\"inLanguage\":\"en-US\"},{\"@type\":\"Organization\",\"@id\":\"https:\\\/\\\/fornuddenmansion.se\\\/en\\\/#organization\",\"name\":\"Fornudden Mansion\",\"url\":\"https:\\\/\\\/fornuddenmansion.se\\\/en\\\/\",\"logo\":{\"@type\":\"ImageObject\",\"inLanguage\":\"en-US\",\"@id\":\"https:\\\/\\\/fornuddenmansion.se\\\/en\\\/#\\\/schema\\\/logo\\\/image\\\/\",\"url\":\"https:\\\/\\\/fornuddenmansion.se\\\/wp-content\\\/uploads\\\/2022\\\/01\\\/Fornudden-Mansion-svg.svg\",\"contentUrl\":\"https:\\\/\\\/fornuddenmansion.se\\\/wp-content\\\/uploads\\\/2022\\\/01\\\/Fornudden-Mansion-svg.svg\",\"width\":477,\"height\":209,\"caption\":\"Fornudden Mansion\"},\"image\":{\"@id\":\"https:\\\/\\\/fornuddenmansion.se\\\/en\\\/#\\\/schema\\\/logo\\\/image\\\/\"},\"sameAs\":[\"https:\\\/\\\/www.instagram.com\\\/fornuddenmansion\\\/\",\"https:\\\/\\\/www.linkedin.com\\\/company\\\/fornudden-mansion\\\/\"]}]}<\/script>\n<!-- \/ Yoast SEO plugin. -->","yoast_head_json":{"title":"Monica Z's View - Fornudden Mansion","robots":{"index":"index","follow":"follow","max-snippet":"max-snippet:-1","max-image-preview":"max-image-preview:large","max-video-preview":"max-video-preview:-1"},"canonical":"https:\/\/fornuddenmansion.se\/en\/monica-zs-view\/","og_locale":"en_US","og_type":"article","og_title":"Monica Z's View - Fornudden Mansion","og_url":"https:\/\/fornuddenmansion.se\/en\/monica-zs-view\/","og_site_name":"Fornudden Mansion","article_modified_time":"2026-03-20T14:05:07+00:00","twitter_card":"summary_large_image","twitter_misc":{"Est. reading time":"2 minutes"},"schema":{"@context":"https:\/\/schema.org","@graph":[{"@type":"WebPage","@id":"https:\/\/fornuddenmansion.se\/en\/monica-zs-view\/","url":"https:\/\/fornuddenmansion.se\/en\/monica-zs-view\/","name":"Monica Z's View - Fornudden Mansion","isPartOf":{"@id":"https:\/\/fornuddenmansion.se\/en\/#website"},"datePublished":"2022-01-28T12:54:32+00:00","dateModified":"2026-03-20T14:05:07+00:00","breadcrumb":{"@id":"https:\/\/fornuddenmansion.se\/en\/monica-zs-view\/#breadcrumb"},"inLanguage":"en-US","potentialAction":[{"@type":"ReadAction","target":["https:\/\/fornuddenmansion.se\/en\/monica-zs-view\/"]}]},{"@type":"BreadcrumbList","@id":"https:\/\/fornuddenmansion.se\/en\/monica-zs-view\/#breadcrumb","itemListElement":[{"@type":"ListItem","position":1,"name":"Home","item":"https:\/\/fornuddenmansion.se\/en\/"},{"@type":"ListItem","position":2,"name":"Monica Z&#8217;s View"}]},{"@type":"WebSite","@id":"https:\/\/fornuddenmansion.se\/en\/#website","url":"https:\/\/fornuddenmansion.se\/en\/","name":"Fornudden Mansion","description":"Konferensanl\u00e4ggningen d\u00e4r du stiger rakt in i 60-talet! Ni hyr hela huset f\u00f6r er sj\u00e4lva som ligger bara 20 min fr\u00e5n Stockholm city.","publisher":{"@id":"https:\/\/fornuddenmansion.se\/en\/#organization"},"potentialAction":[{"@type":"SearchAction","target":{"@type":"EntryPoint","urlTemplate":"https:\/\/fornuddenmansion.se\/en\/?s={search_term_string}"},"query-input":{"@type":"PropertyValueSpecification","valueRequired":true,"valueName":"search_term_string"}}],"inLanguage":"en-US"},{"@type":"Organization","@id":"https:\/\/fornuddenmansion.se\/en\/#organization","name":"Fornudden Mansion","url":"https:\/\/fornuddenmansion.se\/en\/","logo":{"@type":"ImageObject","inLanguage":"en-US","@id":"https:\/\/fornuddenmansion.se\/en\/#\/schema\/logo\/image\/","url":"https:\/\/fornuddenmansion.se\/wp-content\/uploads\/2022\/01\/Fornudden-Mansion-svg.svg","contentUrl":"https:\/\/fornuddenmansion.se\/wp-content\/uploads\/2022\/01\/Fornudden-Mansion-svg.svg","width":477,"height":209,"caption":"Fornudden Mansion"},"image":{"@id":"https:\/\/fornuddenmansion.se\/en\/#\/schema\/logo\/image\/"},"sameAs":["https:\/\/www.instagram.com\/fornuddenmansion\/","https:\/\/www.linkedin.com\/company\/fornudden-mansion\/"]}]}},"_links":{"self":[{"href":"https:\/\/fornuddenmansion.se\/en\/wp-json\/wp\/v2\/pages\/2696","targetHints":{"allow":["GET"]}}],"collection":[{"href":"https:\/\/fornuddenmansion.se\/en\/wp-json\/wp\/v2\/pages"}],"about":[{"href":"https:\/\/fornuddenmansion.se\/en\/wp-json\/wp\/v2\/types\/page"}],"author":[{"embeddable":true,"href":"https:\/\/fornuddenmansion.se\/en\/wp-json\/wp\/v2\/users\/8"}],"replies":[{"embeddable":true,"href":"https:\/\/fornuddenmansion.se\/en\/wp-json\/wp\/v2\/comments?post=2696"}],"version-history":[{"count":20,"href":"https:\/\/fornuddenmansion.se\/en\/wp-json\/wp\/v2\/pages\/2696\/revisions"}],"predecessor-version":[{"id":3706,"href":"https:\/\/fornuddenmansion.se\/en\/wp-json\/wp\/v2\/pages\/2696\/revisions\/3706"}],"wp:attachment":[{"href":"https:\/\/fornuddenmansion.se\/en\/wp-json\/wp\/v2\/media?parent=2696"}],"curies":[{"name":"wp","href":"https:\/\/api.w.org\/{rel}","templated":true}]}}