{"id":2680,"date":"2022-01-28T12:16:26","date_gmt":"2022-01-28T12:16:26","guid":{"rendered":"https:\/\/fornuddenmansion.se\/?page_id=2680"},"modified":"2026-03-20T13:49:47","modified_gmt":"2026-03-20T13:49:47","slug":"marilyn-monroe-spa","status":"publish","type":"page","link":"https:\/\/fornuddenmansion.se\/en\/marilyn-monroe-spa\/","title":{"rendered":"Marilyn Monroe spa"},"content":{"rendered":"\n\t<section class=\"section dark\" id=\"section_118437123\">\n\t\t<div class=\"section-bg fill\" >\n\t\t\t<img loading=\"lazy\" decoding=\"async\" width=\"2560\" height=\"1723\" src=\"https:\/\/fornuddenmansion.se\/wp-content\/uploads\/2022\/09\/DSC_1996-scaled.jpg\" class=\"bg attachment- size-\" alt=\"\" \/>\t\t\t\t\t\t<div class=\"section-bg-overlay absolute fill\"><\/div>\n\t\t\t\n\n\t\t<\/div>\n\n\t\t\n\n\t\t<div class=\"section-content relative\">\n\t\t\t\n<div class=\"row\"  id=\"row-1293400240\">\n\n\t<div id=\"col-924469722\" class=\"col medium-7 small-9 large-5\"  >\n\t\t\t\t<div class=\"col-inner\"  >\n\t\t\t\n\t\t\t\n<h1 class=\"uppercase\"><span style=\"font-size: 250%;\">Marilyn Monroe spa<\/span><\/h1>\n\t\t<\/div>\n\t\t\t\t\t<\/div>\n\n\t\n<\/div>\n<a href=\"https:\/\/fornuddenmansion.se\/en\/book\/\" class=\"button white is-outline\" >\n\t\t<span>booking inquiry<\/span>\n\t<\/a>\n\n\t\t<\/div>\n\n\t\t\n<style>\n#section_118437123 {\n  padding-top: 100px;\n  padding-bottom: 100px;\n}\n#section_118437123 .section-bg-overlay {\n  background-color: rgba(0, 0, 0, 0.13);\n}\n@media (min-width:550px) {\n  #section_118437123 {\n    padding-top: 140px;\n    padding-bottom: 140px;\n  }\n}\n@media (min-width:850px) {\n  #section_118437123 {\n    padding-top: 99px;\n    padding-bottom: 99px;\n  }\n}\n<\/style>\n\t<\/section>\n\t\n\n\t<section class=\"section\" id=\"section_19039338\">\n\t\t<div class=\"section-bg fill\" >\n\t\t\t\t\t\t\t\t\t\n\t\t\t\n\n\t\t<\/div>\n\n\t\t\n\n\t\t<div class=\"section-content relative\">\n\t\t\t\n<div class=\"row row-collapse row-full-width align-middle\"  id=\"row-1248640020\">\n\n\t<div id=\"col-27512336\" class=\"col medium-12 small-12 large-6\"  >\n\t\t\t\t<div class=\"col-inner\"  >\n\t\t\t\n\t\t\t\n<div class=\"row\"  id=\"row-1925207145\">\n\n\t<div id=\"col-514014010\" class=\"col small-12 large-12\"  >\n\t\t\t\t<div class=\"col-inner\"  >\n\t\t\t\n\t\t\t\n<div class=\"is-divider divider clearfix\" style=\"margin-top:10px;margin-bottom:10px;background-color:rgb(132, 60, 21);\"><\/div>\n<h6>MARILYN MONROE<\/h6>\n<h2><span style=\"font-size: 150%;\"> SPA<\/span><\/h2>\n<p><strong>In our spa, you can relax year-round \u2013 our indoor pool is always warm, and we have comfy sunbeds for hanging out with family or friends.<\/strong><\/p>\n<p>\u00a0A hot sauna is, of course, available for brainstorming creative ideas with your team, and if you&#8217;re in the mood for a cold plunge, the outdoor pool is open even in winter, or why not take a dip in the lake just fifteen steps from the house.<\/p>\n<a class=\"button primary is-link hidden\" >\n\t\t<span>Call us: 070 887 52 32<\/span>\n\t<\/a>\n\n\t\t<\/div>\n\t\t\t\t\t<\/div>\n\n\t\n\n<style>\n#row-1925207145 > .col > .col-inner {\n  padding: 5% 5% 5% 5%;\n}\n@media (min-width:550px) {\n  #row-1925207145 > .col > .col-inner {\n    padding: 10% 10% 10% 10%;\n  }\n}\n@media (min-width:850px) {\n  #row-1925207145 > .col > .col-inner {\n    padding: 15% 15% 15% 15%;\n  }\n}\n<\/style>\n<\/div>\n\t\t<\/div>\n\t\t\t\t\t<\/div>\n\n\t\n\n\t<div id=\"col-369603534\" class=\"col medium-12 small-12 large-6\"  >\n\t\t\t\t<div class=\"col-inner\"  >\n\t\t\t\n\t\t\t\n\n  <div class=\"banner has-hover\" id=\"banner-866584419\">\n          <div class=\"banner-inner fill\">\n        <div class=\"banner-bg fill\" >\n            <img loading=\"lazy\" decoding=\"async\" width=\"1020\" height=\"681\" src=\"https:\/\/fornuddenmansion.se\/wp-content\/uploads\/2022\/09\/DSC_1964-1198x800.jpg\" class=\"bg attachment-large size-large\" alt=\"\" \/>                                    \n                    <\/div>\n\t\t\n        <div class=\"banner-layers container\">\n            <div class=\"fill banner-link\"><\/div>            \n   <div id=\"text-box-1970209512\" class=\"text-box banner-layer x50 md-x50 lg-x50 y50 md-y50 lg-y50 res-text\">\n                                <div class=\"text-box-content text dark\">\n              \n              <div class=\"text-inner text-center\">\n                  \n              <\/div>\n           <\/div>\n                            \n<style>\n#text-box-1970209512 {\n  width: 60%;\n}\n#text-box-1970209512 .text-box-content {\n  font-size: 100%;\n}\n@media (min-width:550px) {\n  #text-box-1970209512 {\n    width: 60%;\n  }\n}\n<\/style>\n    <\/div>\n \n        <\/div>\n      <\/div>\n\n            \n<style>\n#banner-866584419 {\n  padding-top: 50%;\n}\n@media (min-width:850px) {\n  #banner-866584419 {\n    padding-top: 99.99%;\n  }\n}\n<\/style>\n  <\/div>\n\n\n\t\t<\/div>\n\t\t\t\t\t<\/div>\n\n\t\n<\/div>\n\t\t<\/div>\n\n\t\t\n<style>\n#section_19039338 {\n  padding-top: 0px;\n  padding-bottom: 0px;\n}\n<\/style>\n\t<\/section>\n\t\n\n\t<section class=\"section\" id=\"section_681844990\">\n\t\t<div class=\"section-bg fill\" >\n\t\t\t\t\t\t\t\t\t\n\t\t\t\n\n\t\t<\/div>\n\n\t\t\n\n\t\t<div class=\"section-content relative\">\n\t\t\t\n<div class=\"row align-middle\"  id=\"row-405327712\">\n\n\t<div id=\"col-306826200\" class=\"col medium-4 small-12 large-4\"  >\n\t\t\t\t<div class=\"col-inner\"  >\n\t\t\t\n\t\t\t\n\n  <div class=\"banner has-hover\" id=\"banner-180715637\">\n          <div class=\"banner-inner fill\">\n        <div class=\"banner-bg fill\" >\n            <img loading=\"lazy\" decoding=\"async\" width=\"1020\" height=\"681\" src=\"https:\/\/fornuddenmansion.se\/wp-content\/uploads\/2022\/09\/DSC_2033-1198x800.jpg\" class=\"bg attachment-large size-large\" alt=\"\" \/>                                    \n                    <\/div>\n\t\t\n        <div class=\"banner-layers container\">\n            <div class=\"fill banner-link\"><\/div>            \n   <div id=\"text-box-1886134961\" class=\"text-box banner-layer x50 md-x50 lg-x50 y50 md-y50 lg-y50 res-text\">\n                                <div class=\"text-box-content text dark\">\n              \n              <div class=\"text-inner text-center\">\n                  \n              <\/div>\n           <\/div>\n                            \n<style>\n#text-box-1886134961 {\n  width: 60%;\n}\n#text-box-1886134961 .text-box-content {\n  font-size: 100%;\n}\n@media (min-width:550px) {\n  #text-box-1886134961 {\n    width: 60%;\n  }\n}\n<\/style>\n    <\/div>\n \n        <\/div>\n      <\/div>\n\n            \n<style>\n#banner-180715637 {\n  padding-top: 250px;\n  background-color: rgb(247, 245, 244);\n}\n@media (min-width:550px) {\n  #banner-180715637 {\n    padding-top: 99.99%;\n  }\n}\n<\/style>\n  <\/div>\n\n\n\t\t<\/div>\n\t\t\t\t\t<\/div>\n\n\t\n\n\t<div id=\"col-1423808411\" class=\"col medium-4 small-12 large-4\"  >\n\t\t\t\t<div class=\"col-inner\"  >\n\t\t\t\n\t\t\t\n\n  <div class=\"banner has-hover has-parallax\" id=\"banner-1259313839\">\n          <div class=\"banner-inner fill\">\n        <div class=\"banner-bg fill\" data-parallax=\"-6\" data-parallax-container=\".banner\" data-parallax-background>\n            <img loading=\"lazy\" decoding=\"async\" width=\"1020\" height=\"697\" src=\"https:\/\/fornuddenmansion.se\/wp-content\/uploads\/2022\/09\/DSC_1999-1170x800.jpg\" class=\"bg attachment-large size-large\" alt=\"\" \/>                        <div class=\"overlay\"><\/div>            \n                    <\/div>\n\t\t\n        <div class=\"banner-layers container\">\n            <div class=\"fill banner-link\"><\/div>            \n   <div id=\"text-box-122908076\" class=\"text-box banner-layer x50 md-x50 lg-x50 y50 md-y50 lg-y50 res-text\">\n                                <div class=\"text-box-content text dark\">\n              \n              <div class=\"text-inner text-center\">\n                  \n<h2 style=\"font-size: 250%;\">\nOur spa is named after the icon Marilyn Monroe, who was a true connoisseur of life and took the world by storm at her own pace.<\/h2>\n              <\/div>\n           <\/div>\n                            \n<style>\n#text-box-122908076 {\n  width: 60%;\n}\n#text-box-122908076 .text-box-content {\n  font-size: 100%;\n}\n@media (min-width:550px) {\n  #text-box-122908076 {\n    width: 60%;\n  }\n}\n<\/style>\n    <\/div>\n \n        <\/div>\n      <\/div>\n\n            \n<style>\n#banner-1259313839 {\n  padding-top: 400px;\n  background-color: rgb(247, 245, 244);\n}\n#banner-1259313839 .overlay {\n  background-color: rgba(15, 8, 8, 0.378);\n}\n@media (min-width:850px) {\n  #banner-1259313839 {\n    padding-top: 500px;\n  }\n}\n<\/style>\n  <\/div>\n\n\n\t\t<\/div>\n\t\t\t\t\t<\/div>\n\n\t\n\n\t<div id=\"col-975238753\" class=\"col medium-4 small-12 large-4\"  >\n\t\t\t\t<div class=\"col-inner\"  >\n\t\t\t\n\t\t\t\n\n  <div class=\"banner has-hover\" id=\"banner-1655714667\">\n          <div class=\"banner-inner fill\">\n        <div class=\"banner-bg fill\" >\n            <img loading=\"lazy\" decoding=\"async\" width=\"1020\" height=\"696\" src=\"https:\/\/fornuddenmansion.se\/wp-content\/uploads\/2022\/09\/DSC_1827-1172x800.jpg\" class=\"bg attachment-large size-large\" alt=\"\" \/>                                    \n                    <\/div>\n\t\t\n        <div class=\"banner-layers container\">\n            <div class=\"fill banner-link\"><\/div>            \n   <div id=\"text-box-592478270\" class=\"text-box banner-layer x50 md-x50 lg-x50 y50 md-y50 lg-y50 res-text\">\n                                <div class=\"text-box-content text dark\">\n              \n              <div class=\"text-inner text-center\">\n                  \n              <\/div>\n           <\/div>\n                            \n<style>\n#text-box-592478270 {\n  width: 60%;\n}\n#text-box-592478270 .text-box-content {\n  font-size: 100%;\n}\n@media (min-width:550px) {\n  #text-box-592478270 {\n    width: 60%;\n  }\n}\n<\/style>\n    <\/div>\n \n        <\/div>\n      <\/div>\n\n            \n<style>\n#banner-1655714667 {\n  padding-top: 250px;\n  background-color: rgb(247, 245, 244);\n}\n@media (min-width:550px) {\n  #banner-1655714667 {\n    padding-top: 99.99%;\n  }\n}\n<\/style>\n  <\/div>\n\n\n\t\t<\/div>\n\t\t\t\t\t<\/div>\n\n\t\n<\/div>\n\t\t<\/div>\n\n\t\t\n<style>\n#section_681844990 {\n  padding-top: 30px;\n  padding-bottom: 30px;\n}\n<\/style>\n\t<\/section>\n\t\n\t<div id=\"gap-1373207518\" class=\"gap-element clearfix\" style=\"display:block; height:auto;\">\n\t\t\n<style>\n#gap-1373207518 {\n  padding-top: 10px;\n}\n@media (min-width:550px) {\n  #gap-1373207518 {\n    padding-top: 50px;\n  }\n}\n@media (min-width:850px) {\n  #gap-1373207518 {\n    padding-top: 0px;\n  }\n}\n<\/style>\n\t<\/div>\n\t\n\n\t<section class=\"section dark\" id=\"section_772458258\">\n\t\t<div class=\"section-bg fill\" >\n\t\t\t<img loading=\"lazy\" decoding=\"async\" width=\"2560\" height=\"1750\" src=\"https:\/\/fornuddenmansion.se\/wp-content\/uploads\/2022\/09\/DSC_1999-scaled.jpg\" class=\"bg attachment- size-\" alt=\"\" \/>\t\t\t\t\t\t<div class=\"section-bg-overlay absolute fill\"><\/div>\n\t\t\t\n\n\t\t<\/div>\n\n\t\t\n\n\t\t<div class=\"section-content relative\">\n\t\t\t\n<div class=\"row\"  id=\"row-686127118\">\n\n\t<div id=\"col-2103858328\" class=\"col small-12 large-12\"  >\n\t\t\t\t<div class=\"col-inner\"  >\n\t\t\t\n\t\t\t\n\t<div id=\"gap-42358261\" class=\"gap-element clearfix\" style=\"display:block; height:auto;\">\n\t\t\n<style>\n#gap-42358261 {\n  padding-top: 60px;\n}\n<\/style>\n\t<\/div>\n\t\n\t<div id=\"text-3096165678\" class=\"text\">\n\t\t\n<h2>&#8220;Imperfection is beauty, madness is genius and it&#8217;s better to be absolutely ridiculous than absolutely boring.&#8221;<\/h2>\n\t\t\n<style>\n#text-3096165678 {\n  font-size: 1.5rem;\n  text-align: center;\n}\n@media (min-width:850px) {\n  #text-3096165678 {\n    font-size: 2rem;\n  }\n}\n<\/style>\n\t<\/div>\n\t\n\t<div id=\"text-1121333180\" class=\"text\">\n\t\t\n<h6>\u2013 Marilyn Monroe<\/h6>\n\t\t\n<style>\n#text-1121333180 {\n  font-size: 1.25rem;\n  text-align: center;\n}\n<\/style>\n\t<\/div>\n\t\n\t\t<\/div>\n\t\t\t\t\t<\/div>\n\n\t\n<\/div>\n\t\t<\/div>\n\n\t\t\n<style>\n#section_772458258 {\n  padding-top: 30px;\n  padding-bottom: 30px;\n  min-height: 500px;\n}\n#section_772458258 .section-bg-overlay {\n  background-color: rgba(0, 0, 0, 0.46);\n}\n#section_772458258 .section-bg img {\n  object-position: 82% 66%;\n}\n<\/style>\n\t<\/section>\n\t\n<span class=\"scroll-to\" data-label=\"Scroll to: #introduction\" data-bullet=\"false\" data-link=\"#introduction\" data-title=\"introduction\"><a name=\"introduction\"><\/a><\/span>\n<span class=\"scroll-to\" data-label=\"Scroll to: #experiences\" data-bullet=\"false\" data-link=\"#experiences\" data-title=\"experiences\"><a name=\"experiences\"><\/a><\/span>\n\n","protected":false},"excerpt":{"rendered":"","protected":false},"author":8,"featured_media":0,"parent":0,"menu_order":0,"comment_status":"closed","ping_status":"closed","template":"","meta":{"inline_featured_image":false,"footnotes":""},"class_list":["post-2680","page","type-page","status-publish","hentry"],"yoast_head":"<!-- This site is optimized with the Yoast SEO plugin v27.4 - https:\/\/yoast.com\/product\/yoast-seo-wordpress\/ -->\n<title>Marilyn Monroe spa - Fornudden Mansion<\/title>\n<meta name=\"robots\" content=\"index, follow, max-snippet:-1, max-image-preview:large, max-video-preview:-1\" \/>\n<link rel=\"canonical\" href=\"https:\/\/fornuddenmansion.se\/en\/marilyn-monroe-spa\/\" \/>\n<meta property=\"og:locale\" content=\"en_US\" \/>\n<meta property=\"og:type\" content=\"article\" \/>\n<meta property=\"og:title\" content=\"Marilyn Monroe spa - Fornudden Mansion\" \/>\n<meta property=\"og:url\" content=\"https:\/\/fornuddenmansion.se\/en\/marilyn-monroe-spa\/\" \/>\n<meta property=\"og:site_name\" content=\"Fornudden Mansion\" \/>\n<meta property=\"article:modified_time\" content=\"2026-03-20T13:49:47+00:00\" \/>\n<meta name=\"twitter:card\" content=\"summary_large_image\" \/>\n<meta name=\"twitter:label1\" content=\"Est. reading time\" \/>\n\t<meta name=\"twitter:data1\" content=\"2 minutes\" \/>\n<script type=\"application\/ld+json\" class=\"yoast-schema-graph\">{\"@context\":\"https:\\\/\\\/schema.org\",\"@graph\":[{\"@type\":\"WebPage\",\"@id\":\"https:\\\/\\\/fornuddenmansion.se\\\/en\\\/marilyn-monroe-spa\\\/\",\"url\":\"https:\\\/\\\/fornuddenmansion.se\\\/en\\\/marilyn-monroe-spa\\\/\",\"name\":\"Marilyn Monroe spa - Fornudden Mansion\",\"isPartOf\":{\"@id\":\"https:\\\/\\\/fornuddenmansion.se\\\/en\\\/#website\"},\"datePublished\":\"2022-01-28T12:16:26+00:00\",\"dateModified\":\"2026-03-20T13:49:47+00:00\",\"breadcrumb\":{\"@id\":\"https:\\\/\\\/fornuddenmansion.se\\\/en\\\/marilyn-monroe-spa\\\/#breadcrumb\"},\"inLanguage\":\"en-US\",\"potentialAction\":[{\"@type\":\"ReadAction\",\"target\":[\"https:\\\/\\\/fornuddenmansion.se\\\/en\\\/marilyn-monroe-spa\\\/\"]}]},{\"@type\":\"BreadcrumbList\",\"@id\":\"https:\\\/\\\/fornuddenmansion.se\\\/en\\\/marilyn-monroe-spa\\\/#breadcrumb\",\"itemListElement\":[{\"@type\":\"ListItem\",\"position\":1,\"name\":\"Home\",\"item\":\"https:\\\/\\\/fornuddenmansion.se\\\/en\\\/\"},{\"@type\":\"ListItem\",\"position\":2,\"name\":\"Marilyn Monroe spa\"}]},{\"@type\":\"WebSite\",\"@id\":\"https:\\\/\\\/fornuddenmansion.se\\\/en\\\/#website\",\"url\":\"https:\\\/\\\/fornuddenmansion.se\\\/en\\\/\",\"name\":\"Fornudden Mansion\",\"description\":\"Konferensanl\u00e4ggningen d\u00e4r du stiger rakt in i 60-talet! Ni hyr hela huset f\u00f6r er sj\u00e4lva som ligger bara 20 min fr\u00e5n Stockholm city.\",\"publisher\":{\"@id\":\"https:\\\/\\\/fornuddenmansion.se\\\/en\\\/#organization\"},\"potentialAction\":[{\"@type\":\"SearchAction\",\"target\":{\"@type\":\"EntryPoint\",\"urlTemplate\":\"https:\\\/\\\/fornuddenmansion.se\\\/en\\\/?s={search_term_string}\"},\"query-input\":{\"@type\":\"PropertyValueSpecification\",\"valueRequired\":true,\"valueName\":\"search_term_string\"}}],\"inLanguage\":\"en-US\"},{\"@type\":\"Organization\",\"@id\":\"https:\\\/\\\/fornuddenmansion.se\\\/en\\\/#organization\",\"name\":\"Fornudden Mansion\",\"url\":\"https:\\\/\\\/fornuddenmansion.se\\\/en\\\/\",\"logo\":{\"@type\":\"ImageObject\",\"inLanguage\":\"en-US\",\"@id\":\"https:\\\/\\\/fornuddenmansion.se\\\/en\\\/#\\\/schema\\\/logo\\\/image\\\/\",\"url\":\"https:\\\/\\\/fornuddenmansion.se\\\/wp-content\\\/uploads\\\/2022\\\/01\\\/Fornudden-Mansion-svg.svg\",\"contentUrl\":\"https:\\\/\\\/fornuddenmansion.se\\\/wp-content\\\/uploads\\\/2022\\\/01\\\/Fornudden-Mansion-svg.svg\",\"width\":477,\"height\":209,\"caption\":\"Fornudden Mansion\"},\"image\":{\"@id\":\"https:\\\/\\\/fornuddenmansion.se\\\/en\\\/#\\\/schema\\\/logo\\\/image\\\/\"},\"sameAs\":[\"https:\\\/\\\/www.instagram.com\\\/fornuddenmansion\\\/\",\"https:\\\/\\\/www.linkedin.com\\\/company\\\/fornudden-mansion\\\/\"]}]}<\/script>\n<!-- \/ Yoast SEO plugin. -->","yoast_head_json":{"title":"Marilyn Monroe spa - Fornudden Mansion","robots":{"index":"index","follow":"follow","max-snippet":"max-snippet:-1","max-image-preview":"max-image-preview:large","max-video-preview":"max-video-preview:-1"},"canonical":"https:\/\/fornuddenmansion.se\/en\/marilyn-monroe-spa\/","og_locale":"en_US","og_type":"article","og_title":"Marilyn Monroe spa - Fornudden Mansion","og_url":"https:\/\/fornuddenmansion.se\/en\/marilyn-monroe-spa\/","og_site_name":"Fornudden Mansion","article_modified_time":"2026-03-20T13:49:47+00:00","twitter_card":"summary_large_image","twitter_misc":{"Est. reading time":"2 minutes"},"schema":{"@context":"https:\/\/schema.org","@graph":[{"@type":"WebPage","@id":"https:\/\/fornuddenmansion.se\/en\/marilyn-monroe-spa\/","url":"https:\/\/fornuddenmansion.se\/en\/marilyn-monroe-spa\/","name":"Marilyn Monroe spa - Fornudden Mansion","isPartOf":{"@id":"https:\/\/fornuddenmansion.se\/en\/#website"},"datePublished":"2022-01-28T12:16:26+00:00","dateModified":"2026-03-20T13:49:47+00:00","breadcrumb":{"@id":"https:\/\/fornuddenmansion.se\/en\/marilyn-monroe-spa\/#breadcrumb"},"inLanguage":"en-US","potentialAction":[{"@type":"ReadAction","target":["https:\/\/fornuddenmansion.se\/en\/marilyn-monroe-spa\/"]}]},{"@type":"BreadcrumbList","@id":"https:\/\/fornuddenmansion.se\/en\/marilyn-monroe-spa\/#breadcrumb","itemListElement":[{"@type":"ListItem","position":1,"name":"Home","item":"https:\/\/fornuddenmansion.se\/en\/"},{"@type":"ListItem","position":2,"name":"Marilyn Monroe spa"}]},{"@type":"WebSite","@id":"https:\/\/fornuddenmansion.se\/en\/#website","url":"https:\/\/fornuddenmansion.se\/en\/","name":"Fornudden Mansion","description":"Konferensanl\u00e4ggningen d\u00e4r du stiger rakt in i 60-talet! Ni hyr hela huset f\u00f6r er sj\u00e4lva som ligger bara 20 min fr\u00e5n Stockholm city.","publisher":{"@id":"https:\/\/fornuddenmansion.se\/en\/#organization"},"potentialAction":[{"@type":"SearchAction","target":{"@type":"EntryPoint","urlTemplate":"https:\/\/fornuddenmansion.se\/en\/?s={search_term_string}"},"query-input":{"@type":"PropertyValueSpecification","valueRequired":true,"valueName":"search_term_string"}}],"inLanguage":"en-US"},{"@type":"Organization","@id":"https:\/\/fornuddenmansion.se\/en\/#organization","name":"Fornudden Mansion","url":"https:\/\/fornuddenmansion.se\/en\/","logo":{"@type":"ImageObject","inLanguage":"en-US","@id":"https:\/\/fornuddenmansion.se\/en\/#\/schema\/logo\/image\/","url":"https:\/\/fornuddenmansion.se\/wp-content\/uploads\/2022\/01\/Fornudden-Mansion-svg.svg","contentUrl":"https:\/\/fornuddenmansion.se\/wp-content\/uploads\/2022\/01\/Fornudden-Mansion-svg.svg","width":477,"height":209,"caption":"Fornudden Mansion"},"image":{"@id":"https:\/\/fornuddenmansion.se\/en\/#\/schema\/logo\/image\/"},"sameAs":["https:\/\/www.instagram.com\/fornuddenmansion\/","https:\/\/www.linkedin.com\/company\/fornudden-mansion\/"]}]}},"_links":{"self":[{"href":"https:\/\/fornuddenmansion.se\/en\/wp-json\/wp\/v2\/pages\/2680","targetHints":{"allow":["GET"]}}],"collection":[{"href":"https:\/\/fornuddenmansion.se\/en\/wp-json\/wp\/v2\/pages"}],"about":[{"href":"https:\/\/fornuddenmansion.se\/en\/wp-json\/wp\/v2\/types\/page"}],"author":[{"embeddable":true,"href":"https:\/\/fornuddenmansion.se\/en\/wp-json\/wp\/v2\/users\/8"}],"replies":[{"embeddable":true,"href":"https:\/\/fornuddenmansion.se\/en\/wp-json\/wp\/v2\/comments?post=2680"}],"version-history":[{"count":20,"href":"https:\/\/fornuddenmansion.se\/en\/wp-json\/wp\/v2\/pages\/2680\/revisions"}],"predecessor-version":[{"id":3700,"href":"https:\/\/fornuddenmansion.se\/en\/wp-json\/wp\/v2\/pages\/2680\/revisions\/3700"}],"wp:attachment":[{"href":"https:\/\/fornuddenmansion.se\/en\/wp-json\/wp\/v2\/media?parent=2680"}],"curies":[{"name":"wp","href":"https:\/\/api.w.org\/{rel}","templated":true}]}}