{"id":2676,"date":"2022-01-28T13:03:02","date_gmt":"2022-01-28T13:03:02","guid":{"rendered":"https:\/\/fornuddenmansion.se\/?page_id=2676"},"modified":"2026-03-20T14:07:20","modified_gmt":"2026-03-20T14:07:20","slug":"lake","status":"publish","type":"page","link":"https:\/\/fornuddenmansion.se\/en\/lake\/","title":{"rendered":"Lake"},"content":{"rendered":"\n\t<section class=\"section dark\" id=\"section_1245374522\">\n\t\t<div class=\"section-bg fill\" >\n\t\t\t<img loading=\"lazy\" decoding=\"async\" width=\"1200\" height=\"1600\" src=\"https:\/\/fornuddenmansion.se\/wp-content\/uploads\/2022\/02\/kajak.jpeg\" class=\"bg attachment- size-\" alt=\"\" \/>\t\t\t\t\t\t<div class=\"section-bg-overlay absolute fill\"><\/div>\n\t\t\t\n\n\t\t<\/div>\n\n\t\t\n\n\t\t<div class=\"section-content relative\">\n\t\t\t\n<div class=\"row\"  id=\"row-1643071870\">\n\n\t<div id=\"col-1778247308\" class=\"col medium-7 small-9 large-5\"  >\n\t\t\t\t<div class=\"col-inner\"  >\n\t\t\t\n\t\t\t\n<h1 class=\"uppercase\"><span style=\"font-size: 250%;\">The lake<\/span><\/h1>\n\t\t<\/div>\n\t\t\t\t\t<\/div>\n\n\t\n<\/div>\n<a href=\"https:\/\/fornuddenmansion.se\/boka\/\" class=\"button white is-outline\" >\n\t\t<span>GET IN TOUCH!<\/span>\n\t<\/a>\n\n\t\t<\/div>\n\n\t\t\n<style>\n#section_1245374522 {\n  padding-top: 100px;\n  padding-bottom: 100px;\n}\n#section_1245374522 .section-bg-overlay {\n  background-color: rgba(0, 0, 0, 0.13);\n}\n@media (min-width:550px) {\n  #section_1245374522 {\n    padding-top: 140px;\n    padding-bottom: 140px;\n  }\n}\n@media (min-width:850px) {\n  #section_1245374522 {\n    padding-top: 99px;\n    padding-bottom: 99px;\n  }\n}\n<\/style>\n\t<\/section>\n\t\n\n\t<section class=\"section\" id=\"section_273543356\">\n\t\t<div class=\"section-bg fill\" >\n\t\t\t\t\t\t\t\t\t\n\t\t\t\n\n\t\t<\/div>\n\n\t\t\n\n\t\t<div class=\"section-content relative\">\n\t\t\t\n<div class=\"row row-collapse row-full-width align-middle\"  id=\"row-1162565691\">\n\n\t<div id=\"col-307476628\" class=\"col medium-12 small-12 large-6\"  >\n\t\t\t\t<div class=\"col-inner\"  >\n\t\t\t\n\t\t\t\n<div class=\"row\"  id=\"row-1109725366\">\n\n\t<div id=\"col-106037556\" class=\"col small-12 large-12\"  >\n\t\t\t\t<div class=\"col-inner\"  >\n\t\t\t\n\t\t\t\n<div class=\"is-divider divider clearfix\" style=\"margin-top:10px;margin-bottom:10px;background-color:rgb(132, 60, 21);\"><\/div>\n<h2>The Lake<\/h2>\n<p><hp><span>Fun@thelake \u2013 With the lake right next to the house, it\u2019s impossible to resist being on the water, not just in the house! We have everything you need for lake activities \u2013 go for a SUP tour, take a kayak or canoe ride in the calm waters, there\u2019s plenty to explore. You can also fish from our rowing boat, with plenty of perch, pike, and zander to catch.<\/p>\n<a class=\"button primary is-link hidden\" >\n\t\t<span>Call us: 0708875232<\/span>\n\t<\/a>\n\n\t\t<\/div>\n\t\t\t\t\t<\/div>\n\n\t\n\n<style>\n#row-1109725366 > .col > .col-inner {\n  padding: 5% 5% 5% 5%;\n}\n@media (min-width:550px) {\n  #row-1109725366 > .col > .col-inner {\n    padding: 10% 10% 10% 10%;\n  }\n}\n@media (min-width:850px) {\n  #row-1109725366 > .col > .col-inner {\n    padding: 15% 15% 15% 15%;\n  }\n}\n<\/style>\n<\/div>\n\t\t<\/div>\n\t\t\t\t\t<\/div>\n\n\t\n\n\t<div id=\"col-1404368331\" class=\"col medium-12 small-12 large-6\"  >\n\t\t\t\t<div class=\"col-inner\"  >\n\t\t\t\n\t\t\t\n\n  <div class=\"banner has-hover\" id=\"banner-256404398\">\n          <div class=\"banner-inner fill\">\n        <div class=\"banner-bg fill\" >\n            <img loading=\"lazy\" decoding=\"async\" width=\"600\" height=\"800\" src=\"https:\/\/fornuddenmansion.se\/wp-content\/uploads\/2022\/02\/kajak2-600x800.jpeg\" class=\"bg attachment-large size-large\" alt=\"\" \/>                                    \n                    <\/div>\n\t\t\n        <div class=\"banner-layers container\">\n            <div class=\"fill banner-link\"><\/div>            \n   <div id=\"text-box-236202300\" class=\"text-box banner-layer x50 md-x50 lg-x50 y50 md-y50 lg-y50 res-text\">\n                                <div class=\"text-box-content text dark\">\n              \n              <div class=\"text-inner text-center\">\n                  \n              <\/div>\n           <\/div>\n                            \n<style>\n#text-box-236202300 {\n  width: 60%;\n}\n#text-box-236202300 .text-box-content {\n  font-size: 100%;\n}\n@media (min-width:550px) {\n  #text-box-236202300 {\n    width: 60%;\n  }\n}\n<\/style>\n    <\/div>\n \n        <\/div>\n      <\/div>\n\n            \n<style>\n#banner-256404398 {\n  padding-top: 50%;\n}\n@media (min-width:850px) {\n  #banner-256404398 {\n    padding-top: 99.99%;\n  }\n}\n<\/style>\n  <\/div>\n\n\n\t\t<\/div>\n\t\t\t\t\t<\/div>\n\n\t\n<\/div>\n\t\t<\/div>\n\n\t\t\n<style>\n#section_273543356 {\n  padding-top: 0px;\n  padding-bottom: 0px;\n}\n<\/style>\n\t<\/section>\n\t\n\t<div id=\"gap-966868461\" class=\"gap-element clearfix\" style=\"display:block; height:auto;\">\n\t\t\n<style>\n#gap-966868461 {\n  padding-top: 10px;\n}\n@media (min-width:550px) {\n  #gap-966868461 {\n    padding-top: 50px;\n  }\n}\n@media (min-width:850px) {\n  #gap-966868461 {\n    padding-top: 0px;\n  }\n}\n<\/style>\n\t<\/div>\n\t\n\n\t<section class=\"section dark\" id=\"section_1069232821\">\n\t\t<div class=\"section-bg fill\" >\n\t\t\t<img loading=\"lazy\" decoding=\"async\" width=\"1707\" height=\"2169\" src=\"https:\/\/fornuddenmansion.se\/wp-content\/uploads\/2022\/02\/IMG_6769.jpg\" class=\"bg attachment- size-\" alt=\"\" \/>\t\t\t\t\t\t<div class=\"section-bg-overlay absolute fill\"><\/div>\n\t\t\t\n\n\t\t<\/div>\n\n\t\t\n\n\t\t<div class=\"section-content relative\">\n\t\t\t\n<div class=\"row\"  id=\"row-633074520\">\n\n\t<div id=\"col-1839370058\" class=\"col small-12 large-12\"  >\n\t\t\t\t<div class=\"col-inner\"  >\n\t\t\t\n\t\t\t\n\t<div id=\"gap-1076852972\" class=\"gap-element clearfix\" style=\"display:block; height:auto;\">\n\t\t\n<style>\n#gap-1076852972 {\n  padding-top: 60px;\n}\n<\/style>\n\t<\/div>\n\t\n\t<div id=\"text-1655768263\" class=\"text\">\n\t\t\n<h2>In the winter, the lake becomes a fantastic spot for ice skating or for walks on the frozen surface.<\/h2>\n\t\t\n<style>\n#text-1655768263 {\n  font-size: 1.5rem;\n  text-align: center;\n}\n@media (min-width:850px) {\n  #text-1655768263 {\n    font-size: 2rem;\n  }\n}\n<\/style>\n\t<\/div>\n\t\n\t<div id=\"text-627115499\" class=\"text\">\n\t\t\n\t\t\n<style>\n#text-627115499 {\n  font-size: 1.25rem;\n  text-align: center;\n}\n<\/style>\n\t<\/div>\n\t\n\t\t<\/div>\n\t\t\t\t\t<\/div>\n\n\t\n<\/div>\n\t\t<\/div>\n\n\t\t\n<style>\n#section_1069232821 {\n  padding-top: 30px;\n  padding-bottom: 30px;\n  min-height: 500px;\n}\n#section_1069232821 .section-bg-overlay {\n  background-color: rgba(0, 0, 0, 0.46);\n}\n#section_1069232821 .section-bg img {\n  object-position: 82% 66%;\n}\n<\/style>\n\t<\/section>\n\t\n<span class=\"scroll-to\" data-label=\"Scroll to: #experiences\" data-bullet=\"false\" data-link=\"#experiences\" data-title=\"experiences\"><a name=\"experiences\"><\/a><\/span>\n<span class=\"scroll-to\" data-label=\"Scroll to: #introduction\" data-bullet=\"false\" data-link=\"#introduction\" data-title=\"introduction\"><a name=\"introduction\"><\/a><\/span>\n\n","protected":false},"excerpt":{"rendered":"","protected":false},"author":8,"featured_media":0,"parent":0,"menu_order":0,"comment_status":"closed","ping_status":"closed","template":"","meta":{"inline_featured_image":false,"footnotes":""},"class_list":["post-2676","page","type-page","status-publish","hentry"],"yoast_head":"<!-- This site is optimized with the Yoast SEO plugin v27.4 - https:\/\/yoast.com\/product\/yoast-seo-wordpress\/ -->\n<title>Lake - Fornudden Mansion<\/title>\n<meta name=\"robots\" content=\"index, follow, max-snippet:-1, max-image-preview:large, max-video-preview:-1\" \/>\n<link rel=\"canonical\" href=\"https:\/\/fornuddenmansion.se\/en\/lake\/\" \/>\n<meta property=\"og:locale\" content=\"en_US\" \/>\n<meta property=\"og:type\" content=\"article\" \/>\n<meta property=\"og:title\" content=\"Lake - Fornudden Mansion\" \/>\n<meta property=\"og:url\" content=\"https:\/\/fornuddenmansion.se\/en\/lake\/\" \/>\n<meta property=\"og:site_name\" content=\"Fornudden Mansion\" \/>\n<meta property=\"article:modified_time\" content=\"2026-03-20T14:07:20+00:00\" \/>\n<meta name=\"twitter:card\" content=\"summary_large_image\" \/>\n<meta name=\"twitter:label1\" content=\"Est. reading time\" \/>\n\t<meta name=\"twitter:data1\" content=\"2 minutes\" \/>\n<script type=\"application\/ld+json\" class=\"yoast-schema-graph\">{\"@context\":\"https:\\\/\\\/schema.org\",\"@graph\":[{\"@type\":\"WebPage\",\"@id\":\"https:\\\/\\\/fornuddenmansion.se\\\/en\\\/lake\\\/\",\"url\":\"https:\\\/\\\/fornuddenmansion.se\\\/en\\\/lake\\\/\",\"name\":\"Lake - Fornudden Mansion\",\"isPartOf\":{\"@id\":\"https:\\\/\\\/fornuddenmansion.se\\\/en\\\/#website\"},\"datePublished\":\"2022-01-28T13:03:02+00:00\",\"dateModified\":\"2026-03-20T14:07:20+00:00\",\"breadcrumb\":{\"@id\":\"https:\\\/\\\/fornuddenmansion.se\\\/en\\\/lake\\\/#breadcrumb\"},\"inLanguage\":\"en-US\",\"potentialAction\":[{\"@type\":\"ReadAction\",\"target\":[\"https:\\\/\\\/fornuddenmansion.se\\\/en\\\/lake\\\/\"]}]},{\"@type\":\"BreadcrumbList\",\"@id\":\"https:\\\/\\\/fornuddenmansion.se\\\/en\\\/lake\\\/#breadcrumb\",\"itemListElement\":[{\"@type\":\"ListItem\",\"position\":1,\"name\":\"Home\",\"item\":\"https:\\\/\\\/fornuddenmansion.se\\\/en\\\/\"},{\"@type\":\"ListItem\",\"position\":2,\"name\":\"Lake\"}]},{\"@type\":\"WebSite\",\"@id\":\"https:\\\/\\\/fornuddenmansion.se\\\/en\\\/#website\",\"url\":\"https:\\\/\\\/fornuddenmansion.se\\\/en\\\/\",\"name\":\"Fornudden Mansion\",\"description\":\"Konferensanl\u00e4ggningen d\u00e4r du stiger rakt in i 60-talet! Ni hyr hela huset f\u00f6r er sj\u00e4lva som ligger bara 20 min fr\u00e5n Stockholm city.\",\"publisher\":{\"@id\":\"https:\\\/\\\/fornuddenmansion.se\\\/en\\\/#organization\"},\"potentialAction\":[{\"@type\":\"SearchAction\",\"target\":{\"@type\":\"EntryPoint\",\"urlTemplate\":\"https:\\\/\\\/fornuddenmansion.se\\\/en\\\/?s={search_term_string}\"},\"query-input\":{\"@type\":\"PropertyValueSpecification\",\"valueRequired\":true,\"valueName\":\"search_term_string\"}}],\"inLanguage\":\"en-US\"},{\"@type\":\"Organization\",\"@id\":\"https:\\\/\\\/fornuddenmansion.se\\\/en\\\/#organization\",\"name\":\"Fornudden Mansion\",\"url\":\"https:\\\/\\\/fornuddenmansion.se\\\/en\\\/\",\"logo\":{\"@type\":\"ImageObject\",\"inLanguage\":\"en-US\",\"@id\":\"https:\\\/\\\/fornuddenmansion.se\\\/en\\\/#\\\/schema\\\/logo\\\/image\\\/\",\"url\":\"https:\\\/\\\/fornuddenmansion.se\\\/wp-content\\\/uploads\\\/2022\\\/01\\\/Fornudden-Mansion-svg.svg\",\"contentUrl\":\"https:\\\/\\\/fornuddenmansion.se\\\/wp-content\\\/uploads\\\/2022\\\/01\\\/Fornudden-Mansion-svg.svg\",\"width\":477,\"height\":209,\"caption\":\"Fornudden Mansion\"},\"image\":{\"@id\":\"https:\\\/\\\/fornuddenmansion.se\\\/en\\\/#\\\/schema\\\/logo\\\/image\\\/\"},\"sameAs\":[\"https:\\\/\\\/www.instagram.com\\\/fornuddenmansion\\\/\",\"https:\\\/\\\/www.linkedin.com\\\/company\\\/fornudden-mansion\\\/\"]}]}<\/script>\n<!-- \/ Yoast SEO plugin. -->","yoast_head_json":{"title":"Lake - Fornudden Mansion","robots":{"index":"index","follow":"follow","max-snippet":"max-snippet:-1","max-image-preview":"max-image-preview:large","max-video-preview":"max-video-preview:-1"},"canonical":"https:\/\/fornuddenmansion.se\/en\/lake\/","og_locale":"en_US","og_type":"article","og_title":"Lake - Fornudden Mansion","og_url":"https:\/\/fornuddenmansion.se\/en\/lake\/","og_site_name":"Fornudden Mansion","article_modified_time":"2026-03-20T14:07:20+00:00","twitter_card":"summary_large_image","twitter_misc":{"Est. reading time":"2 minutes"},"schema":{"@context":"https:\/\/schema.org","@graph":[{"@type":"WebPage","@id":"https:\/\/fornuddenmansion.se\/en\/lake\/","url":"https:\/\/fornuddenmansion.se\/en\/lake\/","name":"Lake - Fornudden Mansion","isPartOf":{"@id":"https:\/\/fornuddenmansion.se\/en\/#website"},"datePublished":"2022-01-28T13:03:02+00:00","dateModified":"2026-03-20T14:07:20+00:00","breadcrumb":{"@id":"https:\/\/fornuddenmansion.se\/en\/lake\/#breadcrumb"},"inLanguage":"en-US","potentialAction":[{"@type":"ReadAction","target":["https:\/\/fornuddenmansion.se\/en\/lake\/"]}]},{"@type":"BreadcrumbList","@id":"https:\/\/fornuddenmansion.se\/en\/lake\/#breadcrumb","itemListElement":[{"@type":"ListItem","position":1,"name":"Home","item":"https:\/\/fornuddenmansion.se\/en\/"},{"@type":"ListItem","position":2,"name":"Lake"}]},{"@type":"WebSite","@id":"https:\/\/fornuddenmansion.se\/en\/#website","url":"https:\/\/fornuddenmansion.se\/en\/","name":"Fornudden Mansion","description":"Konferensanl\u00e4ggningen d\u00e4r du stiger rakt in i 60-talet! Ni hyr hela huset f\u00f6r er sj\u00e4lva som ligger bara 20 min fr\u00e5n Stockholm city.","publisher":{"@id":"https:\/\/fornuddenmansion.se\/en\/#organization"},"potentialAction":[{"@type":"SearchAction","target":{"@type":"EntryPoint","urlTemplate":"https:\/\/fornuddenmansion.se\/en\/?s={search_term_string}"},"query-input":{"@type":"PropertyValueSpecification","valueRequired":true,"valueName":"search_term_string"}}],"inLanguage":"en-US"},{"@type":"Organization","@id":"https:\/\/fornuddenmansion.se\/en\/#organization","name":"Fornudden Mansion","url":"https:\/\/fornuddenmansion.se\/en\/","logo":{"@type":"ImageObject","inLanguage":"en-US","@id":"https:\/\/fornuddenmansion.se\/en\/#\/schema\/logo\/image\/","url":"https:\/\/fornuddenmansion.se\/wp-content\/uploads\/2022\/01\/Fornudden-Mansion-svg.svg","contentUrl":"https:\/\/fornuddenmansion.se\/wp-content\/uploads\/2022\/01\/Fornudden-Mansion-svg.svg","width":477,"height":209,"caption":"Fornudden Mansion"},"image":{"@id":"https:\/\/fornuddenmansion.se\/en\/#\/schema\/logo\/image\/"},"sameAs":["https:\/\/www.instagram.com\/fornuddenmansion\/","https:\/\/www.linkedin.com\/company\/fornudden-mansion\/"]}]}},"_links":{"self":[{"href":"https:\/\/fornuddenmansion.se\/en\/wp-json\/wp\/v2\/pages\/2676","targetHints":{"allow":["GET"]}}],"collection":[{"href":"https:\/\/fornuddenmansion.se\/en\/wp-json\/wp\/v2\/pages"}],"about":[{"href":"https:\/\/fornuddenmansion.se\/en\/wp-json\/wp\/v2\/types\/page"}],"author":[{"embeddable":true,"href":"https:\/\/fornuddenmansion.se\/en\/wp-json\/wp\/v2\/users\/8"}],"replies":[{"embeddable":true,"href":"https:\/\/fornuddenmansion.se\/en\/wp-json\/wp\/v2\/comments?post=2676"}],"version-history":[{"count":11,"href":"https:\/\/fornuddenmansion.se\/en\/wp-json\/wp\/v2\/pages\/2676\/revisions"}],"predecessor-version":[{"id":3710,"href":"https:\/\/fornuddenmansion.se\/en\/wp-json\/wp\/v2\/pages\/2676\/revisions\/3710"}],"wp:attachment":[{"href":"https:\/\/fornuddenmansion.se\/en\/wp-json\/wp\/v2\/media?parent=2676"}],"curies":[{"name":"wp","href":"https:\/\/api.w.org\/{rel}","templated":true}]}}