{"id":2524,"date":"2022-01-26T09:26:48","date_gmt":"2022-01-26T09:26:48","guid":{"rendered":"https:\/\/fornuddenmansion.se\/boka\/"},"modified":"2025-01-15T10:02:35","modified_gmt":"2025-01-15T10:02:35","slug":"book","status":"publish","type":"page","link":"https:\/\/fornuddenmansion.se\/en\/book\/","title":{"rendered":"Book"},"content":{"rendered":"\n\t<section class=\"section dark\" id=\"section_1204577909\">\n\t\t<div class=\"section-bg fill\" >\n\t\t\t<img loading=\"lazy\" decoding=\"async\" width=\"2560\" height=\"1709\" src=\"https:\/\/fornuddenmansion.se\/wp-content\/uploads\/2022\/09\/DSC_1796-scaled.jpg\" class=\"bg attachment- size-\" alt=\"\" \/>\t\t\t\t\t\t<div class=\"section-bg-overlay absolute fill\"><\/div>\n\t\t\t\n\n\t\t<\/div>\n\n\t\t\n\n\t\t<div class=\"section-content relative\">\n\t\t\t\n<div class=\"row\"  id=\"row-2000004533\">\n\n\t<div id=\"col-11111347\" class=\"col small-12 large-12\"  >\n\t\t\t\t<div class=\"col-inner text-center\"  >\n\t\t\t\n\t\t\t\n\t<div id=\"text-3373563189\" class=\"text\">\n\t\t\n<h1 class=\"uppercase\" style=\"font-size: 200%;\">Contact us for a quote<\/h1>\n<p>Please come by to see Fornudden Mansion with your own eyes and meet us before you book! Our packages can also be tailored to your needs.<\/p>\n<p>\n\t\t\n<style>\n#text-3373563189 {\n  font-size: 1rem;\n  line-height: 1.55;\n}\n<\/style>\n\t<\/div>\n\t\n\t\t<\/div>\n\t\t\t\t\n<style>\n#col-11111347 > .col-inner {\n  padding: 20px 0px 0px 0px;\n}\n<\/style>\n\t<\/div>\n\n\t\n<\/div>\n\t\t<\/div>\n\n\t\t\n<style>\n#section_1204577909 {\n  padding-top: 40px;\n  padding-bottom: 40px;\n  background-color: rgb(40, 40, 40);\n}\n#section_1204577909 .section-bg-overlay {\n  background-color: rgba(0, 0, 0, 0.61);\n}\n#section_1204577909 .section-bg img {\n  object-position: 48% 50%;\n}\n<\/style>\n\t<\/section>\n\t\n\n\t<section class=\"section\" id=\"section_1255426585\">\n\t\t<div class=\"section-bg fill\" >\n\t\t\t\t\t\t\t\t\t\n\t\t\t\n\n\t\t<\/div>\n\n\t\t\n\n\t\t<div class=\"section-content relative\">\n\t\t\t\n<div class=\"row\"  id=\"row-1876408029\">\n\n\t<div id=\"col-510675575\" class=\"col small-12 large-12\"  >\n\t\t\t\t<div class=\"col-inner\"  >\n\t\t\t\n\t<div class=\"is-border\"\n\t\tstyle=\"border-width:0 0px 0px 0px;margin:0 0px 0px 0px;\">\n\t<\/div>\n\t\t\t\n<div class=\"row align-equal\"  id=\"row-2076571836\">\n\n\t<div id=\"col-117933473\" class=\"col small-12 large-12\"  >\n\t\t\t\t<div class=\"col-inner text-center\" style=\"background-color:rgb(255,255,255);\" >\n\t\t\t\n\t<div class=\"is-border\"\n\t\tstyle=\"border-width:0 0px 0px 0px;\">\n\t<\/div>\n\t\t\t\n<h3>Send an inquiry<\/h3>\n<p>\n<div class=\"is-divider divider clearfix\" ><\/div>\n<div class=\"row align-center\"  id=\"row-1417866764\">\n\n\t<div id=\"col-391450046\" class=\"col medium-11 small-12 large-11\"  >\n\t\t\t\t<div class=\"col-inner text-center\"  >\n\t\t\t\n\t\t\t\n\n<div class=\"pipedriveWebForms\" data-pd-webforms=\"https:\/\/webforms.pipedrive.com\/f\/6UUxI7TZceIiGEWjFk75fhqsYtqdxNvoKGdkca4JeeePSx0QgnuBEQtqjrK6i4JfJV\"><script src=\"https:\/\/webforms.pipedrive.com\/f\/loader\"><\/script><\/div>\n\n\t\t<\/div>\n\t\t\t\t\t<\/div>\n\n\t\n<\/div>\n\t\t<\/div>\n\t\t\t\t\n<style>\n#col-117933473 > .col-inner {\n  padding: 0 0px 0px 0px;\n  margin: 0 0px 0px 0px;\n}\n<\/style>\n\t<\/div>\n\n\t\n\n\t<div id=\"col-1275340273\" class=\"col medium-6 small-12 large-6\"  >\n\t\t\t\t<div class=\"col-inner text-center\"  >\n\t\t\t\n\t\t\t\n\n\t\t<div class=\"icon-box featured-box icon-box-center text-center\"  >\n\t\t\t\t\t<div class=\"icon-box-img\" style=\"width: 60px\">\n\t\t\t\t<div class=\"icon\">\n\t\t\t\t\t<div class=\"icon-inner\" >\n\t\t\t\t\t\t<img loading=\"lazy\" decoding=\"async\" width=\"400\" height=\"400\" src=\"https:\/\/fornuddenmansion.se\/wp-content\/uploads\/2022\/01\/contact-page-for-flatsome-wordpress-theme-pointed-icon-phone-400x400.png\" class=\"attachment-medium size-medium\" alt=\"\" srcset=\"https:\/\/fornuddenmansion.se\/wp-content\/uploads\/2022\/01\/contact-page-for-flatsome-wordpress-theme-pointed-icon-phone-400x400.png 400w, https:\/\/fornuddenmansion.se\/wp-content\/uploads\/2022\/01\/contact-page-for-flatsome-wordpress-theme-pointed-icon-phone-280x280.png 280w, https:\/\/fornuddenmansion.se\/wp-content\/uploads\/2022\/01\/contact-page-for-flatsome-wordpress-theme-pointed-icon-phone-510x510.png 510w, https:\/\/fornuddenmansion.se\/wp-content\/uploads\/2022\/01\/contact-page-for-flatsome-wordpress-theme-pointed-icon-phone-100x100.png 100w, https:\/\/fornuddenmansion.se\/wp-content\/uploads\/2022\/01\/contact-page-for-flatsome-wordpress-theme-pointed-icon-phone.png 512w\" sizes=\"auto, (max-width: 400px) 100vw, 400px\" \/>\t\t\t\t\t<\/div>\n\t\t\t\t<\/div>\n\t\t\t<\/div>\n\t\t\t\t<div class=\"icon-box-text last-reset\">\n\t\t\t\t\t\t\t\t\t\n<h2>Call us<\/h2>\n<p>If you would like a viewing of the house or have any other questions, don&#8217;t hesitate to call us.<\/p>\n<p>\n\t<div id=\"gap-998657766\" class=\"gap-element clearfix\" style=\"display:block; height:auto;\">\n\t\t\n<style>\n#gap-998657766 {\n  padding-top: 20px;\n}\n<\/style>\n\t<\/div>\n\t\n<p><a class=\"button secondary\" href=\"tel:0708875232\"> 0708875232 <\/a><\/p>\n\t\t<\/div>\n\t<\/div>\n\t\n\t\n\t\t<\/div>\n\t\t\t\t\t<\/div>\n\n\t\n\n\t<div id=\"col-2140928059\" class=\"col medium-6 small-12 large-6\"  >\n\t\t\t\t<div class=\"col-inner text-center\"  >\n\t\t\t\n\t\t\t\n\n\t\t<div class=\"icon-box featured-box icon-box-center text-center\"  >\n\t\t\t\t\t<div class=\"icon-box-img\" style=\"width: 60px\">\n\t\t\t\t<div class=\"icon\">\n\t\t\t\t\t<div class=\"icon-inner\" >\n\t\t\t\t\t\t<img loading=\"lazy\" decoding=\"async\" width=\"400\" height=\"400\" src=\"https:\/\/fornuddenmansion.se\/wp-content\/uploads\/2022\/01\/contact-page-for-flatsome-wordpress-theme-pointed-icon-chat-400x400.png\" class=\"attachment-medium size-medium\" alt=\"\" srcset=\"https:\/\/fornuddenmansion.se\/wp-content\/uploads\/2022\/01\/contact-page-for-flatsome-wordpress-theme-pointed-icon-chat-400x400.png 400w, https:\/\/fornuddenmansion.se\/wp-content\/uploads\/2022\/01\/contact-page-for-flatsome-wordpress-theme-pointed-icon-chat-280x280.png 280w, https:\/\/fornuddenmansion.se\/wp-content\/uploads\/2022\/01\/contact-page-for-flatsome-wordpress-theme-pointed-icon-chat-510x510.png 510w, https:\/\/fornuddenmansion.se\/wp-content\/uploads\/2022\/01\/contact-page-for-flatsome-wordpress-theme-pointed-icon-chat-100x100.png 100w, https:\/\/fornuddenmansion.se\/wp-content\/uploads\/2022\/01\/contact-page-for-flatsome-wordpress-theme-pointed-icon-chat.png 512w\" sizes=\"auto, (max-width: 400px) 100vw, 400px\" \/>\t\t\t\t\t<\/div>\n\t\t\t\t<\/div>\n\t\t\t<\/div>\n\t\t\t\t<div class=\"icon-box-text last-reset\">\n\t\t\t\t\t\t\t\t\t\n<h2>E-mail us<\/h2>\n<p>We will get back to you within 24 hours!<\/p>\n<p>\n\t<div id=\"gap-565600538\" class=\"gap-element clearfix\" style=\"display:block; height:auto;\">\n\t\t\n<style>\n#gap-565600538 {\n  padding-top: 20px;\n}\n<\/style>\n\t<\/div>\n\t\n\t\t<\/div>\n\t<\/div>\n\t\n\t\n<a href=\"mailto:bokning@fornuddenmansion.se\" class=\"button secondary lowercase\" >\n\t\t<span>bokning@fornuddenmansion.se<\/span>\n\t<\/a>\n\n\t\t<\/div>\n\t\t\t\t\t<\/div>\n\n\t\n\n<style>\n#row-2076571836 > .col > .col-inner {\n  padding: 40px 40px 40px 40px;\n  background-color: rgb(255,255,255);\n}\n<\/style>\n<\/div>\n\t\t<\/div>\n\t\t\t\t\n<style>\n#col-510675575 > .col-inner {\n  margin: 0 0px 0px 0px;\n}\n<\/style>\n\t<\/div>\n\n\t\n\n<style>\n#row-1876408029 > .col > .col-inner {\n  padding: 0 0px 0px 0px;\n}\n<\/style>\n<\/div>\n\t\t<\/div>\n\n\t\t\n<style>\n#section_1255426585 {\n  padding-top: 0px;\n  padding-bottom: 0px;\n  background-color: rgb(244, 244, 244);\n}\n<\/style>\n\t<\/section>\n\t\n\n\t<section class=\"section\" id=\"section_2002119790\">\n\t\t<div class=\"section-bg fill\" >\n\t\t\t\t\t\t\t\t\t\n\t\t\t\n\n\t\t<\/div>\n\n\t\t\n\n\t\t<div class=\"section-content relative\">\n\t\t\t\n<div class=\"row row-collapse\"  id=\"row-190095945\">\n\n\t<div id=\"col-1069502699\" class=\"col small-12 large-12\"  >\n\t\t\t\t<div class=\"col-inner text-center\"  >\n\t\t\t\n\t\t\t\n<div class=\"is-divider divider clearfix\" style=\"max-width:50px;background-color:rgb(115, 115, 115);\"><\/div>\n\t\t<\/div>\n\t\t\t\t\n<style>\n#col-1069502699 > .col-inner {\n  margin: 0px 0px -30px 0px;\n}\n<\/style>\n\t<\/div>\n\n\t\n<\/div>\n<div class=\"slider-wrapper relative\" id=\"slider-917383422\" >\n    <div class=\"slider slider-nav-simple slider-nav-large slider-nav-dark slider-nav-outside slider-style-focus\"\n        data-flickity-options='{\n            \"cellAlign\": \"center\",\n            \"imagesLoaded\": true,\n            \"lazyLoad\": 1,\n            \"freeScroll\": false,\n            \"wrapAround\": true,\n            \"autoPlay\": 4000,\n            \"pauseAutoPlayOnHover\" : true,\n            \"prevNextButtons\": false,\n            \"contain\" : true,\n            \"adaptiveHeight\" : true,\n            \"dragThreshold\" : 10,\n            \"percentPosition\": true,\n            \"pageDots\": true,\n            \"rightToLeft\": false,\n            \"draggable\": true,\n            \"selectedAttraction\": 0.1,\n            \"parallax\" : 0,\n            \"friction\": 0.6        }'\n        >\n        \n<div class=\"row align-center\"  id=\"row-399386335\">\n\n\t<div id=\"col-328828948\" class=\"col medium-10 small-12 large-9\"  >\n\t\t\t\t<div class=\"col-inner text-center\"  >\n\t\t\t\n\t\t\t\n<h2 class=\"uppercase\">WHAT OUR VISITORS SAY<\/h2>\n<p>\u201d\u201cFornudden Mansion is something extraordinary and a guaranteed motivation booster. It\u2019s truly something you choose if you don\u2019t want to sit in a traditional conference room. Here, you\u2019re met by professional staff who tailor your experience, ensuring your conference is the best, in an elegant and relaxing environment with a \u2018home-like\u2019 feel.\u201d<\/p>\n<p>The chefs prepared the food tastefully, professionally, and at the same time, with a relaxed atmosphere. We felt well taken care of, and the food was superb.<\/p>\n<p>The warm reception and attentiveness to create the best experience for our group makes me highly recommend this amazing place. I look forward to the next time we have the opportunity to return.\u201d<\/p>\n<p>\n\n\t\t<div class=\"icon-box featured-box circle icon-box-center text-center is-small\"  >\n\t\t\t\t<div class=\"icon-box-text last-reset\">\n\t\t\t<h5 class=\"uppercase\">Alexandra Lag<\/h5>\t\t\t\t\t\t\n<p>Executive Assistant for CEO Microsoft Sweden<\/p>\n\t\t<\/div>\n\t<\/div>\n\t\n\t\n\t\t<\/div>\n\t\t\t\t\t<\/div>\n\n\t\n<\/div>\n     <\/div>\n\n     <div class=\"loading-spin dark large centered\"><\/div>\n\n\t<\/div>\n\n\n\t\t<\/div>\n\n\t\t\n<style>\n#section_2002119790 {\n  padding-top: 60px;\n  padding-bottom: 60px;\n}\n<\/style>\n\t<\/section>\n\t\n\n\t<section class=\"section info-card-1\" id=\"section_1235724070\">\n\t\t<div class=\"section-bg fill\" >\n\t\t\t\t\t\t\t\t\t<div class=\"section-bg-overlay absolute fill\"><\/div>\n\t\t\t\n\n\t\t<\/div>\n\n\t\t\n\n\t\t<div class=\"section-content relative\">\n\t\t\t\n<div class=\"row row-small align-equal\"  id=\"row-93974120\">\n\n\t<div id=\"col-2110753645\" class=\"col medium-4 small-12 large-4\"  >\n\t\t\t\t<div class=\"col-inner\"  >\n\t\t\t\n\t\t\t\n\t<div class=\"box has-hover   has-hover box-push box-text-bottom\" >\n\n\t\t<div class=\"box-image\" >\n\t\t\t<a href=\"#\" >\t\t\t<div class=\"image-zoom image-cover\" style=\"padding-top:70%;\">\n\t\t\t\t<img loading=\"lazy\" decoding=\"async\" width=\"1920\" height=\"1280\" src=\"https:\/\/fornuddenmansion.se\/wp-content\/uploads\/2022\/01\/IMG_0447-1.jpg\" class=\"attachment- size-\" alt=\"Marilyn Monroe Spa Fornudden Mansion\" srcset=\"https:\/\/fornuddenmansion.se\/wp-content\/uploads\/2022\/01\/IMG_0447-1.jpg 1920w, https:\/\/fornuddenmansion.se\/wp-content\/uploads\/2022\/01\/IMG_0447-1-600x400.jpg 600w, https:\/\/fornuddenmansion.se\/wp-content\/uploads\/2022\/01\/IMG_0447-1-1200x800.jpg 1200w, https:\/\/fornuddenmansion.se\/wp-content\/uploads\/2022\/01\/IMG_0447-1-768x512.jpg 768w, https:\/\/fornuddenmansion.se\/wp-content\/uploads\/2022\/01\/IMG_0447-1-1536x1024.jpg 1536w, https:\/\/fornuddenmansion.se\/wp-content\/uploads\/2022\/01\/IMG_0447-1-510x340.jpg 510w\" sizes=\"auto, (max-width: 1920px) 100vw, 1920px\" \/>\t\t\t\t\t\t\t\t\t\t\t<\/div>\n\t\t\t<\/a>\t\t<\/div>\n\n\t\t<div class=\"box-text text-center\" style=\"background-color:rgb(255, 255, 255);padding:20px 5% 20px 5%;\">\n\t\t\t<div class=\"box-text-inner\">\n\t\t\t\t\n<h2>DAY<\/h2>\n<h3>A day to remember<\/h3>\n<p>A full day just for you \u2013 conference, brainstorm ideas in the sauna, relax at the Marilyn Monroe spa, enjoy the Bardot Beach Club, or challenge each other in the Steve McQueen Lounge.<\/p>\n<p>\n<a href=\"https:\/\/fornuddenmansion.se\/en\/packages\/\" class=\"button primary is-underline\" >\n\t\t<span>Read more<\/span>\n\t<\/a>\n\n\t\t\t<\/div>\n\t\t<\/div>\n\t<\/div>\n\t\n\t\t<\/div>\n\t\t\t\t\t<\/div>\n\n\t\n\n\t<div id=\"col-628914704\" class=\"col medium-4 small-12 large-4\"  >\n\t\t\t\t<div class=\"col-inner\"  >\n\t\t\t\n\t\t\t\n\t<div class=\"box has-hover   has-hover box-push box-text-bottom\" >\n\n\t\t<div class=\"box-image\" >\n\t\t\t<a href=\"#\" >\t\t\t<div class=\"image-zoom image-cover\" style=\"padding-top:70%;\">\n\t\t\t\t<img loading=\"lazy\" decoding=\"async\" width=\"400\" height=\"400\" src=\"https:\/\/fornuddenmansion.se\/wp-content\/uploads\/2022\/03\/James-Bond-Bar-2.jpg\" class=\"attachment- size-\" alt=\"\" srcset=\"https:\/\/fornuddenmansion.se\/wp-content\/uploads\/2022\/03\/James-Bond-Bar-2.jpg 400w, https:\/\/fornuddenmansion.se\/wp-content\/uploads\/2022\/03\/James-Bond-Bar-2-280x280.jpg 280w, https:\/\/fornuddenmansion.se\/wp-content\/uploads\/2022\/03\/James-Bond-Bar-2-100x100.jpg 100w\" sizes=\"auto, (max-width: 400px) 100vw, 400px\" \/>\t\t\t\t\t\t\t\t\t\t\t<\/div>\n\t\t\t<\/a>\t\t<\/div>\n\n\t\t<div class=\"box-text text-center\" style=\"background-color:rgb(255, 255, 255);padding:20px 5% 20px 5%;\">\n\t\t\t<div class=\"box-text-inner\">\n\t\t\t\t\n<h2>EVENING<\/h2>\n<h3>Evening adventure<\/h3>\n<p>A wonderful evening with a cocktail in the James Bond Bar, a three-course dinner, and perhaps champagne in the hot tub or the Steve McQueen Lounge.<\/p>\n<p>\u00a0<\/p>\n<p>\n<a href=\"https:\/\/fornuddenmansion.se\/en\/packages\/\" class=\"button primary is-underline\" >\n\t\t<span>Read more<\/span>\n\t<\/a>\n\n\t\t\t<\/div>\n\t\t<\/div>\n\t<\/div>\n\t\n\t\t<\/div>\n\t\t\t\t\t<\/div>\n\n\t\n\n\t<div id=\"col-1650921074\" class=\"col medium-4 small-12 large-4\"  >\n\t\t\t\t<div class=\"col-inner\"  >\n\t\t\t\n\t\t\t\n\t<div class=\"box has-hover   has-hover box-push box-text-bottom\" >\n\n\t\t<div class=\"box-image\" >\n\t\t\t<a href=\"#\" >\t\t\t<div class=\"image-zoom image-cover\" style=\"padding-top:70%;\">\n\t\t\t\t<img loading=\"lazy\" decoding=\"async\" width=\"2560\" height=\"1920\" src=\"https:\/\/fornuddenmansion.se\/wp-content\/uploads\/2022\/02\/IMG_7548-scaled.jpg\" class=\"attachment- size-\" alt=\"\" srcset=\"https:\/\/fornuddenmansion.se\/wp-content\/uploads\/2022\/02\/IMG_7548-scaled.jpg 2560w, https:\/\/fornuddenmansion.se\/wp-content\/uploads\/2022\/02\/IMG_7548-533x400.jpg 533w, https:\/\/fornuddenmansion.se\/wp-content\/uploads\/2022\/02\/IMG_7548-1067x800.jpg 1067w, https:\/\/fornuddenmansion.se\/wp-content\/uploads\/2022\/02\/IMG_7548-768x576.jpg 768w, https:\/\/fornuddenmansion.se\/wp-content\/uploads\/2022\/02\/IMG_7548-1536x1152.jpg 1536w, https:\/\/fornuddenmansion.se\/wp-content\/uploads\/2022\/02\/IMG_7548-2048x1536.jpg 2048w, https:\/\/fornuddenmansion.se\/wp-content\/uploads\/2022\/02\/IMG_7548-510x383.jpg 510w\" sizes=\"auto, (max-width: 2560px) 100vw, 2560px\" \/>\t\t\t\t\t\t\t\t\t\t\t<\/div>\n\t\t\t<\/a>\t\t<\/div>\n\n\t\t<div class=\"box-text text-center\" style=\"background-color:rgb(255, 255, 255);padding:20px 5% 20px 5%;\">\n\t\t\t<div class=\"box-text-inner\">\n\t\t\t\t\n<h2>STAY OVER<\/h2>\n<h3>Day &#038; night<\/h3>\n<p>Plenty of time to both meet and socialize, a full day, evening, and the following day. You might even have time to take a trip on the lake with our kayaks or go ice skating if the lake is frozen.<\/p>\n<p>\n<a href=\"https:\/\/fornuddenmansion.se\/en\/packages\/\" class=\"button primary is-underline\" >\n\t\t<span>Read more<\/span>\n\t<\/a>\n\n\t\t\t<\/div>\n\t\t<\/div>\n\t<\/div>\n\t\n\t\t<\/div>\n\t\t\t\t\t<\/div>\n\n\t\n\n<style>\n#row-93974120 > .col > .col-inner {\n  background-color: rgb(255,255,255);\n}\n<\/style>\n<\/div>\n\t\t<\/div>\n\n\t\t\n<style>\n#section_1235724070 {\n  padding-top: 30px;\n  padding-bottom: 30px;\n  background-color: rgb(244, 244, 244);\n}\n#section_1235724070 .section-bg-overlay {\n  background-color: rgb(99, 45, 15);\n}\n<\/style>\n\t<\/section>\n\t\n","protected":false},"excerpt":{"rendered":"","protected":false},"author":2,"featured_media":0,"parent":0,"menu_order":0,"comment_status":"closed","ping_status":"closed","template":"page-blank.php","meta":{"inline_featured_image":false,"footnotes":""},"class_list":["post-2524","page","type-page","status-publish","hentry"],"yoast_head":"<!-- This site is optimized with the Yoast SEO plugin v27.4 - https:\/\/yoast.com\/product\/yoast-seo-wordpress\/ -->\n<title>Book - Fornudden Mansion<\/title>\n<meta name=\"robots\" content=\"index, follow, max-snippet:-1, max-image-preview:large, max-video-preview:-1\" \/>\n<link rel=\"canonical\" href=\"https:\/\/fornuddenmansion.se\/en\/book\/\" \/>\n<meta property=\"og:locale\" content=\"en_US\" \/>\n<meta property=\"og:type\" content=\"article\" \/>\n<meta property=\"og:title\" content=\"Book - Fornudden Mansion\" \/>\n<meta property=\"og:url\" content=\"https:\/\/fornuddenmansion.se\/en\/book\/\" \/>\n<meta property=\"og:site_name\" content=\"Fornudden Mansion\" \/>\n<meta property=\"article:modified_time\" content=\"2025-01-15T10:02:35+00:00\" \/>\n<meta name=\"twitter:card\" content=\"summary_large_image\" \/>\n<meta name=\"twitter:label1\" content=\"Est. reading time\" \/>\n\t<meta name=\"twitter:data1\" content=\"3 minutes\" \/>\n<script type=\"application\/ld+json\" class=\"yoast-schema-graph\">{\"@context\":\"https:\\\/\\\/schema.org\",\"@graph\":[{\"@type\":\"WebPage\",\"@id\":\"https:\\\/\\\/fornuddenmansion.se\\\/en\\\/book\\\/\",\"url\":\"https:\\\/\\\/fornuddenmansion.se\\\/en\\\/book\\\/\",\"name\":\"Book - Fornudden Mansion\",\"isPartOf\":{\"@id\":\"https:\\\/\\\/fornuddenmansion.se\\\/en\\\/#website\"},\"datePublished\":\"2022-01-26T09:26:48+00:00\",\"dateModified\":\"2025-01-15T10:02:35+00:00\",\"breadcrumb\":{\"@id\":\"https:\\\/\\\/fornuddenmansion.se\\\/en\\\/book\\\/#breadcrumb\"},\"inLanguage\":\"en-US\",\"potentialAction\":[{\"@type\":\"ReadAction\",\"target\":[\"https:\\\/\\\/fornuddenmansion.se\\\/en\\\/book\\\/\"]}]},{\"@type\":\"BreadcrumbList\",\"@id\":\"https:\\\/\\\/fornuddenmansion.se\\\/en\\\/book\\\/#breadcrumb\",\"itemListElement\":[{\"@type\":\"ListItem\",\"position\":1,\"name\":\"Home\",\"item\":\"https:\\\/\\\/fornuddenmansion.se\\\/en\\\/\"},{\"@type\":\"ListItem\",\"position\":2,\"name\":\"Book\"}]},{\"@type\":\"WebSite\",\"@id\":\"https:\\\/\\\/fornuddenmansion.se\\\/en\\\/#website\",\"url\":\"https:\\\/\\\/fornuddenmansion.se\\\/en\\\/\",\"name\":\"Fornudden Mansion\",\"description\":\"Konferensanl\u00e4ggningen d\u00e4r du stiger rakt in i 60-talet! Ni hyr hela huset f\u00f6r er sj\u00e4lva som ligger bara 20 min fr\u00e5n Stockholm city.\",\"publisher\":{\"@id\":\"https:\\\/\\\/fornuddenmansion.se\\\/en\\\/#organization\"},\"potentialAction\":[{\"@type\":\"SearchAction\",\"target\":{\"@type\":\"EntryPoint\",\"urlTemplate\":\"https:\\\/\\\/fornuddenmansion.se\\\/en\\\/?s={search_term_string}\"},\"query-input\":{\"@type\":\"PropertyValueSpecification\",\"valueRequired\":true,\"valueName\":\"search_term_string\"}}],\"inLanguage\":\"en-US\"},{\"@type\":\"Organization\",\"@id\":\"https:\\\/\\\/fornuddenmansion.se\\\/en\\\/#organization\",\"name\":\"Fornudden Mansion\",\"url\":\"https:\\\/\\\/fornuddenmansion.se\\\/en\\\/\",\"logo\":{\"@type\":\"ImageObject\",\"inLanguage\":\"en-US\",\"@id\":\"https:\\\/\\\/fornuddenmansion.se\\\/en\\\/#\\\/schema\\\/logo\\\/image\\\/\",\"url\":\"https:\\\/\\\/fornuddenmansion.se\\\/wp-content\\\/uploads\\\/2022\\\/01\\\/Fornudden-Mansion-svg.svg\",\"contentUrl\":\"https:\\\/\\\/fornuddenmansion.se\\\/wp-content\\\/uploads\\\/2022\\\/01\\\/Fornudden-Mansion-svg.svg\",\"width\":477,\"height\":209,\"caption\":\"Fornudden Mansion\"},\"image\":{\"@id\":\"https:\\\/\\\/fornuddenmansion.se\\\/en\\\/#\\\/schema\\\/logo\\\/image\\\/\"},\"sameAs\":[\"https:\\\/\\\/www.instagram.com\\\/fornuddenmansion\\\/\",\"https:\\\/\\\/www.linkedin.com\\\/company\\\/fornudden-mansion\\\/\"]}]}<\/script>\n<!-- \/ Yoast SEO plugin. -->","yoast_head_json":{"title":"Book - Fornudden Mansion","robots":{"index":"index","follow":"follow","max-snippet":"max-snippet:-1","max-image-preview":"max-image-preview:large","max-video-preview":"max-video-preview:-1"},"canonical":"https:\/\/fornuddenmansion.se\/en\/book\/","og_locale":"en_US","og_type":"article","og_title":"Book - Fornudden Mansion","og_url":"https:\/\/fornuddenmansion.se\/en\/book\/","og_site_name":"Fornudden Mansion","article_modified_time":"2025-01-15T10:02:35+00:00","twitter_card":"summary_large_image","twitter_misc":{"Est. reading time":"3 minutes"},"schema":{"@context":"https:\/\/schema.org","@graph":[{"@type":"WebPage","@id":"https:\/\/fornuddenmansion.se\/en\/book\/","url":"https:\/\/fornuddenmansion.se\/en\/book\/","name":"Book - Fornudden Mansion","isPartOf":{"@id":"https:\/\/fornuddenmansion.se\/en\/#website"},"datePublished":"2022-01-26T09:26:48+00:00","dateModified":"2025-01-15T10:02:35+00:00","breadcrumb":{"@id":"https:\/\/fornuddenmansion.se\/en\/book\/#breadcrumb"},"inLanguage":"en-US","potentialAction":[{"@type":"ReadAction","target":["https:\/\/fornuddenmansion.se\/en\/book\/"]}]},{"@type":"BreadcrumbList","@id":"https:\/\/fornuddenmansion.se\/en\/book\/#breadcrumb","itemListElement":[{"@type":"ListItem","position":1,"name":"Home","item":"https:\/\/fornuddenmansion.se\/en\/"},{"@type":"ListItem","position":2,"name":"Book"}]},{"@type":"WebSite","@id":"https:\/\/fornuddenmansion.se\/en\/#website","url":"https:\/\/fornuddenmansion.se\/en\/","name":"Fornudden Mansion","description":"Konferensanl\u00e4ggningen d\u00e4r du stiger rakt in i 60-talet! Ni hyr hela huset f\u00f6r er sj\u00e4lva som ligger bara 20 min fr\u00e5n Stockholm city.","publisher":{"@id":"https:\/\/fornuddenmansion.se\/en\/#organization"},"potentialAction":[{"@type":"SearchAction","target":{"@type":"EntryPoint","urlTemplate":"https:\/\/fornuddenmansion.se\/en\/?s={search_term_string}"},"query-input":{"@type":"PropertyValueSpecification","valueRequired":true,"valueName":"search_term_string"}}],"inLanguage":"en-US"},{"@type":"Organization","@id":"https:\/\/fornuddenmansion.se\/en\/#organization","name":"Fornudden Mansion","url":"https:\/\/fornuddenmansion.se\/en\/","logo":{"@type":"ImageObject","inLanguage":"en-US","@id":"https:\/\/fornuddenmansion.se\/en\/#\/schema\/logo\/image\/","url":"https:\/\/fornuddenmansion.se\/wp-content\/uploads\/2022\/01\/Fornudden-Mansion-svg.svg","contentUrl":"https:\/\/fornuddenmansion.se\/wp-content\/uploads\/2022\/01\/Fornudden-Mansion-svg.svg","width":477,"height":209,"caption":"Fornudden Mansion"},"image":{"@id":"https:\/\/fornuddenmansion.se\/en\/#\/schema\/logo\/image\/"},"sameAs":["https:\/\/www.instagram.com\/fornuddenmansion\/","https:\/\/www.linkedin.com\/company\/fornudden-mansion\/"]}]}},"_links":{"self":[{"href":"https:\/\/fornuddenmansion.se\/en\/wp-json\/wp\/v2\/pages\/2524","targetHints":{"allow":["GET"]}}],"collection":[{"href":"https:\/\/fornuddenmansion.se\/en\/wp-json\/wp\/v2\/pages"}],"about":[{"href":"https:\/\/fornuddenmansion.se\/en\/wp-json\/wp\/v2\/types\/page"}],"author":[{"embeddable":true,"href":"https:\/\/fornuddenmansion.se\/en\/wp-json\/wp\/v2\/users\/2"}],"replies":[{"embeddable":true,"href":"https:\/\/fornuddenmansion.se\/en\/wp-json\/wp\/v2\/comments?post=2524"}],"version-history":[{"count":28,"href":"https:\/\/fornuddenmansion.se\/en\/wp-json\/wp\/v2\/pages\/2524\/revisions"}],"predecessor-version":[{"id":3529,"href":"https:\/\/fornuddenmansion.se\/en\/wp-json\/wp\/v2\/pages\/2524\/revisions\/3529"}],"wp:attachment":[{"href":"https:\/\/fornuddenmansion.se\/en\/wp-json\/wp\/v2\/media?parent=2524"}],"curies":[{"name":"wp","href":"https:\/\/api.w.org\/{rel}","templated":true}]}}